{"id":10,"date":"2022-07-18T09:56:55","date_gmt":"2022-07-18T09:56:55","guid":{"rendered":"http:\/\/cerebrumstrm.com\/?page_id=10"},"modified":"2025-10-15T15:25:58","modified_gmt":"2025-10-15T15:25:58","slug":"home","status":"publish","type":"page","link":"https:\/\/cerebrumstrm.com\/fr\/","title":{"rendered":"home"},"content":{"rendered":"<p>[vc_row full_width=&#8221;stretch_row&#8221; css=&#8221;.vc_custom_1658925116597{padding-top: 0px !important;}&#8221;][vc_column css=&#8221;.vc_custom_1658145374815{padding-top: 0px !important;}&#8221;]\n\t\t\t<!-- START home page_french REVOLUTION SLIDER 6.5.11 --><p class=\"rs-p-wp-fix\"><\/p>\n\t\t\t<rs-module-wrap id=\"rev_slider_6_1_wrapper\" data-source=\"gallery\" style=\"visibility:hidden;background:transparent;padding:0;margin:0px auto;margin-top:0;margin-bottom:0;\">\n\t\t\t\t<rs-module id=\"rev_slider_6_1\" style=\"\" data-version=\"6.5.11\">\n\t\t\t\t\t<rs-slides>\n\t\t\t\t\t\t<rs-slide style=\"position: absolute;\" data-key=\"rs-6\" data-title=\"Slide\" data-in=\"o:0;\" data-out=\"a:false;\">\n\t\t\t\t\t\t\t<img loading=\"lazy\" decoding=\"async\" src=\"\/\/cerebrumstrm.com\/wp-content\/plugins\/revslider\/public\/assets\/assets\/dummy.png\" alt=\"Slide\" title=\"pexels-ekaterina-bolovtsova-7113432\" width=\"2560\" height=\"1707\" class=\"rev-slidebg tp-rs-img rs-lazyload\" data-lazyload=\"\/\/cerebrumstrm.com\/wp-content\/plugins\/revslider\/public\/assets\/assets\/transparent.png\" data-bg=\"c:#ffebc1;\" data-no-retina>\n<!--\n\t\t\t\t\t\t\t--><rs-layer\n\t\t\t\t\t\t\t\tid=\"slider-6-slide-6-layer-0\" \n\t\t\t\t\t\t\t\tdata-type=\"image\"\n\t\t\t\t\t\t\t\tdata-rsp_ch=\"on\"\n\t\t\t\t\t\t\t\tdata-xy=\"x:50px;y:50px;\"\n\t\t\t\t\t\t\t\tdata-text=\"w:normal;\"\n\t\t\t\t\t\t\t\tdata-dim=\"w:400px;h:600px;\"\n\t\t\t\t\t\t\t\tdata-border=\"bor:150px,150px,150px,150px;\"\n\t\t\t\t\t\t\t\tdata-frame_999=\"o:0;st:w;\"\n\t\t\t\t\t\t\t\tstyle=\"z-index:5;\"\n\t\t\t\t\t\t\t><img loading=\"lazy\" decoding=\"async\" src=\"\/\/cerebrumstrm.com\/wp-content\/plugins\/revslider\/public\/assets\/assets\/dummy.png\" class=\"tp-rs-img rs-lazyload\" width=\"800\" height=\"1200\" data-lazyload=\"\/\/cerebrumstrm.com\/wp-content\/uploads\/2022\/07\/pexels-alina-vilchenko-3610753.jpg\" data-no-retina> \n\t\t\t\t\t\t\t<\/rs-layer><!--\n\n\t\t\t\t\t\t\t--><rs-layer\n\t\t\t\t\t\t\t\tid=\"slider-6-slide-6-layer-1\" \n\t\t\t\t\t\t\t\tdata-type=\"shape\"\n\t\t\t\t\t\t\t\tdata-rsp_ch=\"on\"\n\t\t\t\t\t\t\t\tdata-xy=\"x:396px;y:186px;\"\n\t\t\t\t\t\t\t\tdata-text=\"w:normal;\"\n\t\t\t\t\t\t\t\tdata-dim=\"w:150px;h:1px;\"\n\t\t\t\t\t\t\t\tdata-frame_999=\"o:0;st:w;\"\n\t\t\t\t\t\t\t\tstyle=\"z-index:6;background-color:#000000;\"\n\t\t\t\t\t\t\t> \n\t\t\t\t\t\t\t<\/rs-layer><!--\n\n\t\t\t\t\t\t\t--><rs-layer\n\t\t\t\t\t\t\t\tid=\"slider-6-slide-6-layer-2\" \n\t\t\t\t\t\t\t\tdata-type=\"text\"\n\t\t\t\t\t\t\t\tdata-color=\"#000000\"\n\t\t\t\t\t\t\t\tdata-rsp_ch=\"on\"\n\t\t\t\t\t\t\t\tdata-xy=\"x:556px;y:175px;\"\n\t\t\t\t\t\t\t\tdata-text=\"w:normal;s:18;\"\n\t\t\t\t\t\t\t\tdata-frame_999=\"o:0;st:w;\"\n\t\t\t\t\t\t\t\tstyle=\"z-index:7;font-family:'Quattrocento';text-transform:uppercase;\"\n\t\t\t\t\t\t\t>QU'EST-CE QUE LA GU\u00c9RISON PAR LE SON ? \n\t\t\t\t\t\t\t<\/rs-layer><!--\n\n\t\t\t\t\t\t\t--><rs-layer\n\t\t\t\t\t\t\t\tid=\"slider-6-slide-6-layer-3\" \n\t\t\t\t\t\t\t\tdata-type=\"text\"\n\t\t\t\t\t\t\t\tdata-color=\"#000000\"\n\t\t\t\t\t\t\t\tdata-rsp_ch=\"on\"\n\t\t\t\t\t\t\t\tdata-xy=\"x:485px;y:225px;\"\n\t\t\t\t\t\t\t\tdata-text=\"w:normal;s:25;l:36;\"\n\t\t\t\t\t\t\t\tdata-dim=\"w:606px;\"\n\t\t\t\t\t\t\t\tdata-frame_999=\"o:0;st:w;\"\n\t\t\t\t\t\t\t\tstyle=\"z-index:8;font-family:'Quattrocento';\"\n\t\t\t\t\t\t\t>La gu\u00e9rison par le son est une ancienne pratique qui utilise diff\u00e9rents instruments musicaux pour cr\u00e9er des vibrations de gu\u00e9rison autour du corps dans un \u00e9tat m\u00e9ditatif. Les th\u00e9rapeutes utilisant les bols chantants, par exemple, utilisent des bols de cristaux, des gongs et instruments accord\u00e9s \u00e0 des fr\u00e9quences strat\u00e9giques pour gu\u00e9rir diff\u00e9rentes parties du corps et de l'esprit. \n\t\t\t\t\t\t\t<\/rs-layer><!--\n\n\t\t\t\t\t\t\t--><a\n\t\t\t\t\t\t\t\tid=\"slider-6-slide-6-layer-4\" \n\t\t\t\t\t\t\t\tclass=\"rs-layer rev-btn\"\n\t\t\t\t\t\t\t\thref=\"https:\/\/cerebrumstrm.com\/fr\/what-is-sound-healing\/\" target=\"_self\"\n\t\t\t\t\t\t\t\tdata-type=\"button\"\n\t\t\t\t\t\t\t\tdata-color=\"#013214\"\n\t\t\t\t\t\t\t\tdata-rsp_ch=\"on\"\n\t\t\t\t\t\t\t\tdata-xy=\"x:486px;y:527px;\"\n\t\t\t\t\t\t\t\tdata-text=\"w:normal;s:17;l:40;\"\n\t\t\t\t\t\t\t\tdata-dim=\"minh:0px;\"\n\t\t\t\t\t\t\t\tdata-padding=\"r:25;l:25;\"\n\t\t\t\t\t\t\t\tdata-border=\"bos:double;boc:rgba(1, 50, 20, 0.62);bow:1px,3px,1px,1px;\"\n\t\t\t\t\t\t\t\tdata-frame_999=\"o:0;st:w;\"\n\t\t\t\t\t\t\t\tdata-frame_hover=\"c:#fff;bgc:rgba(0,0,0,0);boc:rgba(255,255,255,0.75);bor:0px,0px,0px,0px;bos:solid;bow:1px,3px,1px,1px;e:power1.inOut;\"\n\t\t\t\t\t\t\t\tstyle=\"z-index:9;background-color:rgba(0,0,0,0);font-family:'Quattrocento';\"\n\t\t\t\t\t\t\t>LEARN MORE    <i class=\"fa-long-arrow-right\"><\/i> \n\t\t\t\t\t\t\t<\/a><!--\n\n\t\t\t\t\t\t\t--><rs-layer\n\t\t\t\t\t\t\t\tid=\"slider-6-slide-6-layer-7\" \n\t\t\t\t\t\t\t\tdata-type=\"image\"\n\t\t\t\t\t\t\t\tdata-rsp_ch=\"on\"\n\t\t\t\t\t\t\t\tdata-xy=\"x:1002px;y:344px;\"\n\t\t\t\t\t\t\t\tdata-text=\"w:normal;\"\n\t\t\t\t\t\t\t\tdata-dim=\"w:450px;h:250px;\"\n\t\t\t\t\t\t\t\tdata-btrans=\"rZ:90;\"\n\t\t\t\t\t\t\t\tdata-frame_999=\"o:0;st:w;\"\n\t\t\t\t\t\t\t\tstyle=\"z-index:11;\"\n\t\t\t\t\t\t\t><img loading=\"lazy\" decoding=\"async\" src=\"\/\/cerebrumstrm.com\/wp-content\/plugins\/revslider\/public\/assets\/assets\/dummy.png\" class=\"tp-rs-img rs-lazyload\" width=\"1280\" height=\"710\" data-lazyload=\"\/\/cerebrumstrm.com\/wp-content\/uploads\/2022\/07\/1-mandala-2780170_1280.png\" data-no-retina> \n\t\t\t\t\t\t\t<\/rs-layer><!--\n-->\t\t\t\t\t\t<\/rs-slide>\n\t\t\t\t\t<\/rs-slides>\n\t\t\t\t<\/rs-module>\n\t\t\t\t<script type=\"text\/javascript\">\n\t\t\t\t\tsetREVStartSize({c: 'rev_slider_6_1',rl:[1240,1024,778,480],el:[750],gw:[1240],gh:[750],type:'standard',justify:'',layout:'fullwidth',mh:\"0\"});if (window.RS_MODULES!==undefined && window.RS_MODULES.modules!==undefined && window.RS_MODULES.modules[\"revslider61\"]!==undefined) {window.RS_MODULES.modules[\"revslider61\"].once = false;window.revapi6 = undefined;if (window.RS_MODULES.checkMinimal!==undefined) window.RS_MODULES.checkMinimal()}\n\t\t\t\t<\/script>\n\t\t\t<\/rs-module-wrap>\n\t\t\t<!-- END REVOLUTION SLIDER -->\n[\/vc_column][\/vc_row][vc_row equal_height=&#8221;yes&#8221;][vc_column css_animation=&#8221;fadeInLeft&#8221; width=&#8221;1\/2&#8243; css=&#8221;.vc_custom_1663923123123{padding-top: 50px !important;padding-right: 25px !important;padding-bottom: 50px !important;background-color: #a64b2a !important;}&#8221;][vc_single_image image=&#8221;132&#8243; img_size=&#8221;full&#8221; alignment=&#8221;center&#8221;][\/vc_column][vc_column css_animation=&#8221;none&#8221; width=&#8221;1\/2&#8243; css=&#8221;.vc_custom_1663923748868{background-color: #d7a86e !important;}&#8221; el_class=&#8221;cus_clm&#8221;][vc_empty_space height=&#8221;55px&#8221;][vc_custom_heading text=&#8221;COMMENT FONCTIONNE LA GU\u00c9RISON PAR LE SON ?&#8221; font_container=&#8221;tag:h2|font_size:40px|text_align:center|color:%23ffffff|line_height:50px&#8221; use_theme_fonts=&#8221;yes&#8221; el_class=&#8221;mob_heading&#8221;][vc_column_text css=&#8221;.vc_custom_1665554592372{padding-right: 150px !important;padding-left: 150px !important;}&#8221;]<\/p>\n<p style=\"text-align: center;\"><span style=\"color: #ffffff;\">Le son peut aider \u00e0 modifier nos \u00e9tats d&#8217;ondes c\u00e9r\u00e9brales, en utilisant des m\u00e9thodes d&#8217;entra\u00eenement, telles que des battements binauraux ou des tonalit\u00e9s isochrones. \u00a0<a style=\"color: #ffffff;\" href=\"https:\/\/balance.chakrahealingsounds.com\/about-us\/brainwave-entrainment\/\">binaural beats or isochronic tones<\/a>.<\/span><\/p>\n<p>[\/vc_column_text][vc_empty_space height=&#8221;15px&#8221;][vc_btn title=&#8221;Read More&#8221; style=&#8221;custom&#8221; custom_background=&#8221;#013214&#8243; custom_text=&#8221;#ffffff&#8221; shape=&#8221;square&#8221; align=&#8221;center&#8221; link=&#8221;url:https%3A%2F%2Fcerebrumstrm.com%2Ffr%2Fhow-does-it-work%2F&#8221; el_id=&#8221;btn-size-femily-0&#8243;][vc_single_image image=&#8221;138&#8243; img_size=&#8221;80*80&#8243; alignment=&#8221;center&#8221;][\/vc_column][\/vc_row][vc_row css_animation=&#8221;fadeInUp&#8221; css=&#8221;.vc_custom_1659937495062{padding-top: 60px !important;padding-bottom: 60px !important;}&#8221; el_id=&#8221;r-ow-position-0&#8243;][vc_column]\n\t\t\t<!-- START home page sub section REVOLUTION SLIDER 6.5.11 --><p class=\"rs-p-wp-fix\"><\/p>\n\t\t\t<rs-module-wrap id=\"rev_slider_2_2_wrapper\" data-source=\"gallery\" style=\"visibility:hidden;background:transparent;padding:0;margin:0px auto;margin-top:0;margin-bottom:0;\">\n\t\t\t\t<rs-module id=\"rev_slider_2_2\" style=\"\" data-version=\"6.5.11\">\n\t\t\t\t\t<rs-slides>\n\t\t\t\t\t\t<rs-slide style=\"position: absolute;\" data-key=\"rs-2\" data-title=\"Slide\" data-in=\"o:0;\" data-out=\"a:false;\">\n\t\t\t\t\t\t\t<img decoding=\"async\" src=\"\/\/cerebrumstrm.com\/wp-content\/plugins\/revslider\/public\/assets\/assets\/dummy.png\" alt=\"Slide\" title=\"home\" class=\"rev-slidebg tp-rs-img rs-lazyload\" data-lazyload=\"\/\/cerebrumstrm.com\/wp-content\/plugins\/revslider\/public\/assets\/assets\/transparent.png\" data-bg=\"c:#ffffff;\" data-no-retina>\n<!--\n\t\t\t\t\t\t\t--><rs-layer\n\t\t\t\t\t\t\t\tid=\"slider-2-slide-2-layer-3\" \n\t\t\t\t\t\t\t\tdata-type=\"image\"\n\t\t\t\t\t\t\t\tdata-rsp_ch=\"on\"\n\t\t\t\t\t\t\t\tdata-xy=\"x:105px;y:c;yo:3px;\"\n\t\t\t\t\t\t\t\tdata-text=\"w:normal;\"\n\t\t\t\t\t\t\t\tdata-dim=\"w:491px;h:327px;\"\n\t\t\t\t\t\t\t\tdata-frame_999=\"o:0;st:w;\"\n\t\t\t\t\t\t\t\tstyle=\"z-index:9;\"\n\t\t\t\t\t\t\t><img loading=\"lazy\" decoding=\"async\" src=\"\/\/cerebrumstrm.com\/wp-content\/plugins\/revslider\/public\/assets\/assets\/dummy.png\" class=\"tp-rs-img rs-lazyload\" width=\"1200\" height=\"800\" data-lazyload=\"\/\/cerebrumstrm.com\/wp-content\/uploads\/2022\/07\/shutterstock_1421822594.jpg\" data-no-retina> \n\t\t\t\t\t\t\t<\/rs-layer><!--\n\n\t\t\t\t\t\t\t--><rs-layer\n\t\t\t\t\t\t\t\tid=\"slider-2-slide-2-layer-4\" \n\t\t\t\t\t\t\t\tdata-type=\"image\"\n\t\t\t\t\t\t\t\tdata-rsp_ch=\"on\"\n\t\t\t\t\t\t\t\tdata-xy=\"x:r;xo:103px;y:c;yo:2px;\"\n\t\t\t\t\t\t\t\tdata-text=\"w:normal;\"\n\t\t\t\t\t\t\t\tdata-dim=\"w:491px;h:327px;\"\n\t\t\t\t\t\t\t\tdata-frame_999=\"o:0;st:w;\"\n\t\t\t\t\t\t\t\tstyle=\"z-index:10;\"\n\t\t\t\t\t\t\t><img loading=\"lazy\" decoding=\"async\" src=\"\/\/cerebrumstrm.com\/wp-content\/plugins\/revslider\/public\/assets\/assets\/dummy.png\" class=\"tp-rs-img rs-lazyload\" width=\"1200\" height=\"800\" data-lazyload=\"\/\/cerebrumstrm.com\/wp-content\/uploads\/2022\/07\/shutterstock_1434425828.jpg\" data-no-retina> \n\t\t\t\t\t\t\t<\/rs-layer><!--\n\n\t\t\t\t\t\t\t--><rs-layer\n\t\t\t\t\t\t\t\tid=\"slider-2-slide-2-layer-6\" \n\t\t\t\t\t\t\t\tdata-type=\"image\"\n\t\t\t\t\t\t\t\tdata-rsp_ch=\"on\"\n\t\t\t\t\t\t\t\tdata-xy=\"x:c;y:c;yo:58px;\"\n\t\t\t\t\t\t\t\tdata-text=\"w:normal;\"\n\t\t\t\t\t\t\t\tdata-dim=\"w:500px;h:499px;\"\n\t\t\t\t\t\t\t\tdata-frame_999=\"o:0;st:w;\"\n\t\t\t\t\t\t\t\tstyle=\"z-index:11;\"\n\t\t\t\t\t\t\t><img loading=\"lazy\" decoding=\"async\" src=\"\/\/cerebrumstrm.com\/wp-content\/plugins\/revslider\/public\/assets\/assets\/dummy.png\" class=\"tp-rs-img rs-lazyload\" width=\"500\" height=\"499\" data-lazyload=\"\/\/cerebrumstrm.com\/wp-content\/uploads\/2022\/07\/91321-removebg-preview.png\" data-no-retina> \n\t\t\t\t\t\t\t<\/rs-layer><!--\n-->\t\t\t\t\t\t<\/rs-slide>\n\t\t\t\t\t<\/rs-slides>\n\t\t\t\t<\/rs-module>\n\t\t\t\t<script type=\"text\/javascript\">\n\t\t\t\t\tsetREVStartSize({c: 'rev_slider_2_2',rl:[1240,1024,778,480],el:[500],gw:[1240],gh:[500],type:'standard',justify:'',layout:'fullwidth',mh:\"0\"});if (window.RS_MODULES!==undefined && window.RS_MODULES.modules!==undefined && window.RS_MODULES.modules[\"revslider22\"]!==undefined) {window.RS_MODULES.modules[\"revslider22\"].once = false;window.revapi2 = undefined;if (window.RS_MODULES.checkMinimal!==undefined) window.RS_MODULES.checkMinimal()}\n\t\t\t\t<\/script>\n\t\t\t<\/rs-module-wrap>\n\t\t\t<!-- END REVOLUTION SLIDER -->\n[vc_single_image image=&#8221;177&#8243; img_size=&#8221;full&#8221; el_id=&#8221;img-ab-0&#8243;][\/vc_column][\/vc_row][vc_row][vc_column][vc_empty_space height=&#8221;50px&#8221;][\/vc_column][\/vc_row][vc_row full_width=&#8221;stretch_row&#8221; equal_height=&#8221;yes&#8221; content_placement=&#8221;middle&#8221; css=&#8221;.vc_custom_1658919973429{padding-top: 5px !important;padding-right: 70px !important;padding-bottom: 70px !important;padding-left: 70px !important;background-color: #ffebc1 !important;}&#8221;][vc_column width=&#8221;1\/4&#8243; css=&#8221;.vc_custom_1658213041449{padding-top: 0px !important;}&#8221;][vc_separator color=&#8221;black&#8221; align=&#8221;align_right&#8221; border_width=&#8221;2&#8243; el_width=&#8221;20&#8243; el_class=&#8221;sparetore-home-0&#8243;][vc_column_text css=&#8221;.vc_custom_1665555104550{margin-left: 20px !important;padding-bottom: 10px !important;}&#8221;]<\/p>\n<h4 style=\"font-size: 43px; font-weight: 600;\">Gu\u00e9rison sonore<\/h4>\n<p>[\/vc_column_text][vc_single_image image=&#8221;136&#8243; img_size=&#8221;304&#215;408&#8243; alignment=&#8221;center&#8221;][vc_btn title=&#8221;Read More&#8221; style=&#8221;custom&#8221; custom_background=&#8221;#013214&#8243; custom_text=&#8221;#ffffff&#8221; shape=&#8221;square&#8221; align=&#8221;center&#8221; css=&#8221;.vc_custom_1665557578299{margin-top: -20px !important;}&#8221; link=&#8221;url:https%3A%2F%2Fcerebrumstrm.com%2Ffr%2Fwhat-can-sound-do%2F&#8221; el_id=&#8221;btn-size-femily-0&#8243;][\/vc_column][vc_column css_animation=&#8221;fadeIn&#8221; width=&#8221;3\/4&#8243; css=&#8221;.vc_custom_1663924630814{padding-left: 50px !important;}&#8221; el_class=&#8221;cus_clm&#8221;][vc_custom_heading text=&#8221;QUE PEUT FAIRE LE SON ?&#8221; font_container=&#8221;tag:h2|font_size:40px|text_align:left|line_height:50px&#8221; use_theme_fonts=&#8221;yes&#8221; el_class=&#8221;mob_heading&#8221;][vc_column_text]La gu\u00e9rison par le son a une base \u00e0 la fois en neurologie et en psychologie. Il a \u00e9t\u00e9 prouv\u00e9dans des \u00e9tudes neurologiques qu&#8217;\u00e9couter de la musique nous rend plus productifs et cr\u00e9atifs ; il peut soulager le stress et, selon le type de musique, peut am\u00e9liorer notre humeur.<\/p>\n<p>Le son aide non seulement \u00e0 induire un \u00e9tat de relaxation profonde, mais il a \u00e9galement une mani\u00e8re unique et profonde de se d\u00e9placer dans nos zones de blocage \u00e9nerg\u00e9tique. Ces blocages \u00e9nerg\u00e9tiques se retrouvent dans notre corps physique, ainsi que dans notre corps subtil, notre aura.[\/vc_column_text][\/vc_column][\/vc_row][vc_row row_content_width=&#8221;grid&#8221; disable_background_image=&#8221;&#8221; css=&#8221;.vc_custom_1663927683788{padding-top: 80px !important;padding-bottom: 80px !important;background-position: center !important;background-repeat: no-repeat !important;background-size: cover !important;}&#8221; simple_background_image=&#8221;154&#8243; background_image_position=&#8221;cover&#8221; el_class=&#8221;cus_clm&#8221;][vc_column css=&#8221;.vc_custom_1659943005304{border-top-width: 3px !important;border-right-width: 3px !important;border-bottom-width: 3px !important;border-left-width: 3px !important;padding-right: 50px !important;padding-bottom: 40px !important;padding-left: 50px !important;background-color: rgba(0,0,0,0.57) !important;*background-color: rgb(0,0,0) !important;border-left-color: #ffffff !important;border-left-style: double !important;border-right-color: #ffffff !important;border-right-style: double !important;border-top-color: #ffffff !important;border-top-style: double !important;border-bottom-color: #ffffff !important;border-bottom-style: double !important;}&#8221;][vc_custom_heading text=&#8221;Les ondes sonores peuvent-elles vous gu\u00e9rir ?&#8221; font_container=&#8221;tag:h2|font_size:40px|text_align:center|color:%23ffffff|line_height:50px&#8221; use_theme_fonts=&#8221;yes&#8221; el_class=&#8221;mob_heading&#8221;][vc_column_text]<\/p>\n<p style=\"text-align: center;\"><span style=\"color: #ffffff;\">Presque tout ce que nous vivons dans l&#8217;univers est simplement notre perception des ondes.<br \/>\nLorsque les ondes sonores atteignent nos oreilles, elles sont converties en signaux \u00e9lectriques qui remontent le nerf auditif jusqu&#8217;au cortex auditif, la partie du cerveau qui traite le son. Une fois que les ondes sonores atteignent notre cerveau, elles d\u00e9clenchent des r\u00e9ponses dans notre corps.<\/span><\/p>\n<p>&nbsp;<\/p>\n<p>[\/vc_column_text][vc_empty_space][vc_btn title=&#8221;Read More&#8221; style=&#8221;custom&#8221; custom_background=&#8221;#013214&#8243; custom_text=&#8221;#ffffff&#8221; shape=&#8221;square&#8221; align=&#8221;center&#8221; link=&#8221;url:https%3A%2F%2Fcerebrumstrm.com%2Ffr%2Fcan-sound-waves-heal-you%2F&#8221; el_id=&#8221;btn-size-femily-borde-0&#8243;][\/vc_column][\/vc_row][vc_row css=&#8221;.vc_custom_1668451705298{padding-top: 40px !important;padding-bottom: 40px !important;background-color: #d7a86e !important;}&#8221;][vc_column width=&#8221;1\/2&#8243;][vc_column_text]<\/p>\n<p>[\/vc_column_text][vc_single_image image=&#8221;494&#8243; img_size=&#8221;full&#8221; alignment=&#8221;center&#8221;][\/vc_column][vc_column width=&#8221;1\/2&#8243;][vc_custom_heading text=&#8221;COMMENT LA THERAPIEVIBRATIONELLE&#038; SONOREOU LA PRATIQUE DES AUTOSOINS DE LA SANT\u00c9 PEUVENT-ELLES VOUS AIDER ?&#8221; font_container=&#8221;tag:h2|font_size:33px|text_align:left&#8221; use_theme_fonts=&#8221;yes&#8221;][vc_column_text]<\/p>\n<p style=\"text-align: justify;\">En utilisant des combinaisons multidisciplinaires de fredonnement, de \u00ab toning \u00bb, de \u00ab tapping \u00bb, de chants, de techniques de respiration, de massages et d\u2019instruments qui ancrent et apaisent, \u00e9clairent l\u2019\u00e2me et font voyager l\u2019esprit ainsi que d\u00e9velopper de nouvelles connexions dans le cerveau, les s\u00e9ances sont utiles et benefiques en cas d\u2019\u00e9puisement professionnel, de d\u00e9pression, conscience et gestiond\u2019\u00e9motion, TDAH, PTSD, TOC, d\u00e9pendances, Alzheimer, d\u00e9mence ainsi que gestion de la douleur, meilleur sommeil et clart\u00e9 d\u2019esprit.<\/p>\n<p style=\"text-align: justify;\">En ravivant la joie, le bonheur et l\u2019amour, l\u2019espoir r\u00e9tablissant la concentration et focus, ramenant l\u2019espoir et vous aider \u00e0 resplendir de l\u2019int\u00e9rieur comme a l\u2019exterieur.<\/p>\n<p>[\/vc_column_text][\/vc_column][\/vc_row][vc_row full_width=&#8221;stretch_row&#8221; equal_height=&#8221;yes&#8221; content_placement=&#8221;middle&#8221; css=&#8221;.vc_custom_1663923984001{padding-top: 5px !important;padding-right: 70px !important;padding-bottom: 70px !important;padding-left: 70px !important;background-color: #a64b2a !important;}&#8221; el_class=&#8221;cus_clm&#8221;][vc_column width=&#8221;3\/4&#8243; css=&#8221;.vc_custom_1663923948183{padding-top: 0px !important;}&#8221;][vc_custom_heading text=&#8221;STRM&#8221; font_container=&#8221;tag:h2|font_size:40px|text_align:left|color:%23ffffff|line_height:50px&#8221; use_theme_fonts=&#8221;yes&#8221; el_class=&#8221;mob_heading&#8221;][vc_column_text]<span style=\"color: #ffffff;\">STRMest mon acronyme repr\u00e9sentantdiff\u00e9rents aspects de mon parcours, de ma personnalit\u00e9 et de ma mission.<\/span><\/p>\n<p><span style=\"color: #ffffff;\">Artiste transdisciplinaire, j\u2019ai \u00e9tudi\u00e9 les Arts, la Litt\u00e9rature, l\u2019Entrepreneuriat, le maquillage artistique&amp;d\u2019effets sp\u00e9ciaux\/proth\u00e8ses et ainsi que les pratiques d\u2019autosoins de la sant\u00e9, la th\u00e9rapie de gu\u00e9rison vibrationnelle et sonore.<\/span><\/p>\n<p><span style=\"color: #ffffff;\">J\u2019ai cr\u00e9\u00e9 ce nom pour partager mes arts et mes pratiques multidisciplinaires.<\/span>[\/vc_column_text][vc_column_text]<span style=\"color: #ffffff;\">Apr\u00e8s une carri\u00e8re dans l\u2019industrie de la Beaut\u00e9, je me suis retrouv\u00e9e cadres dans le milieucorporatif, menant une vie tr\u00e8s occup\u00e9e,au rythme de vie effr\u00e9n\u00e9.<\/span><\/p>\n<p><span style=\"color: #ffffff;\">En 2019, une s\u00e9rie d\u2019\u00e9v\u00e9nements traumatiques au cours desquels j\u2019ai perdu ma maison dans un incendie, a laiss\u00e9 mon corps, mon esprit et ma vie boulevers\u00e9e.<\/span><\/p>\n<p><span style=\"color: #ffffff;\">J\u2019ai quitt\u00e9 le Canada pour me retrouver, r\u00e9tablir mon esprit et r\u00e9aligner ma vie. Je cherchais le sens de tous ces \u00e9v\u00e9nements et des moyens naturels de m\u2019aider.<\/span>[\/vc_column_text][\/vc_column][vc_column css_animation=&#8221;fadeIn&#8221; width=&#8221;1\/4&#8243; css=&#8221;.vc_custom_1663239681057{padding-top: 0px !important;}&#8221;][vc_separator color=&#8221;white&#8221; align=&#8221;align_left&#8221; border_width=&#8221;2&#8243; el_width=&#8221;20&#8243; el_class=&#8221;sparetore-home-01&#8243;][vc_column_text css=&#8221;.vc_custom_1663241129117{margin-left: 67px !important;padding-bottom: 10px !important;}&#8221;]<\/p>\n<h4 style=\"font-size: 43px; font-weight: 600; color: white;\">About Us<\/h4>\n<p>[\/vc_column_text][vc_single_image image=&#8221;209&#8243; img_size=&#8221;304&#215;408&#8243; alignment=&#8221;center&#8221;][vc_btn title=&#8221;Read More&#8221; style=&#8221;custom&#8221; custom_background=&#8221;#013214&#8243; custom_text=&#8221;#ffffff&#8221; shape=&#8221;square&#8221; align=&#8221;center&#8221; css=&#8221;.vc_custom_1665557672735{margin-top: -20px !important;}&#8221; link=&#8221;url:https%3A%2F%2Fcerebrumstrm.com%2Ffr%2Fabout-us%2F|title:About%20Us&#8221; el_id=&#8221;btn-size-femily-0&#8243;][\/vc_column][\/vc_row][vc_row css=&#8221;.vc_custom_1658920081240{padding-top: 50px !important;}&#8221; simple_background_color=&#8221;#ffebc1&#8243;][vc_column][vc_custom_heading text=&#8221;#ON INSTA&#8221; font_container=&#8221;tag:p|text_align:center&#8221; use_theme_fonts=&#8221;yes&#8221;][vc_column_text]<\/p>\n<p style=\"text-align: center;\">[instagram-feed feed=2]<\/p>\n<p>[\/vc_column_text][\/vc_column][\/vc_row]<\/p>\n","protected":false},"excerpt":{"rendered":"<p>[vc_row full_width=&#8221;stretch_row&#8221; css=&#8221;.vc_custom_1658925116597{padding-top: 0px !important;}&#8221;][vc_column css=&#8221;.vc_custom_1658145374815{padding-top: 0px !important;}&#8221;][\/vc_column][\/vc_row][vc_row equal_height=&#8221;yes&#8221;][vc_column css_animation=&#8221;fadeInLeft&#8221; width=&#8221;1\/2&#8243; css=&#8221;.vc_custom_1663923123123{padding-top: 50px !important;padding-right: 25px !important;padding-bottom: 50px !important;background-color: #a64b2a !important;}&#8221;][vc_single_image image=&#8221;132&#8243; img_size=&#8221;full&#8221; alignment=&#8221;center&#8221;][\/vc_column][vc_column css_animation=&#8221;none&#8221; width=&#8221;1\/2&#8243; css=&#8221;.vc_custom_1663923748868{background-color: #d7a86e !important;}&#8221; el_class=&#8221;cus_clm&#8221;][vc_empty_space height=&#8221;55px&#8221;][vc_custom_heading text=&#8221;COMMENT FONCTIONNE LA GU\u00c9RISON PAR LE SON ?&#8221; font_container=&#8221;tag:h2|font_size:40px|text_align:center|color:%23ffffff|line_height:50px&#8221; use_theme_fonts=&#8221;yes&#8221; [&hellip;]<\/p>\n","protected":false},"author":1,"featured_media":0,"parent":0,"menu_order":0,"comment_status":"closed","ping_status":"closed","template":"full-width.php","meta":{"footnotes":""},"class_list":["post-10","page","type-page","status-publish","hentry"],"translation":{"provider":"WPGlobus","version":"3.0.0","language":"fr","enabled_languages":["en","fr"],"languages":{"en":{"title":true,"content":true,"excerpt":false},"fr":{"title":true,"content":true,"excerpt":false}}},"_links":{"self":[{"href":"https:\/\/cerebrumstrm.com\/fr\/wp-json\/wp\/v2\/pages\/10","targetHints":{"allow":["GET"]}}],"collection":[{"href":"https:\/\/cerebrumstrm.com\/fr\/wp-json\/wp\/v2\/pages"}],"about":[{"href":"https:\/\/cerebrumstrm.com\/fr\/wp-json\/wp\/v2\/types\/page"}],"author":[{"embeddable":true,"href":"https:\/\/cerebrumstrm.com\/fr\/wp-json\/wp\/v2\/users\/1"}],"replies":[{"embeddable":true,"href":"https:\/\/cerebrumstrm.com\/fr\/wp-json\/wp\/v2\/comments?post=10"}],"version-history":[{"count":94,"href":"https:\/\/cerebrumstrm.com\/fr\/wp-json\/wp\/v2\/pages\/10\/revisions"}],"predecessor-version":[{"id":1646,"href":"https:\/\/cerebrumstrm.com\/fr\/wp-json\/wp\/v2\/pages\/10\/revisions\/1646"}],"wp:attachment":[{"href":"https:\/\/cerebrumstrm.com\/fr\/wp-json\/wp\/v2\/media?parent=10"}],"curies":[{"name":"wp","href":"https:\/\/api.w.org\/{rel}","templated":true}]}}