{"id":205,"date":"2022-08-09T12:00:16","date_gmt":"2022-08-09T12:00:16","guid":{"rendered":"http:\/\/cerebrumstrm.com\/?page_id=205"},"modified":"2025-10-15T16:06:03","modified_gmt":"2025-10-15T16:06:03","slug":"about-us","status":"publish","type":"page","link":"https:\/\/cerebrumstrm.com\/fr\/about-us\/","title":{"rendered":"A propos de nous"},"content":{"rendered":"<p>[vc_row full_width=&#8221;stretch_row&#8221; css=&#8221;.vc_custom_1663850565729{border-bottom-width: 1px !important;padding-bottom: 65px !important;background-color: #ffebc1 !important;border-bottom-color: #000000 !important;border-bottom-style: solid !important;}&#8221; el_id=&#8221;r-ow-position-0&#8243; simple_background_color=&#8221;#ffebc1&#8243;][vc_column width=&#8221;1\/6&#8243; css=&#8221;.vc_custom_1663850500480{border-right-width: 1px !important;border-right-color: #000000 !important;}&#8221;][\/vc_column][vc_column width=&#8221;2\/3&#8243;][vc_custom_heading text=&#8221;STRM&#8221; font_container=&#8221;tag:h1|font_size:30px|text_align:center|line_height:40px&#8221; use_theme_fonts=&#8221;yes&#8221;][vc_column_text]<\/p>\n<p style=\"text-align: center;\">STRM est mon acronyme repr\u00e9sentant diff\u00e9rents aspects de mon parcours, de ma personnalit\u00e9 et de ma mission.<\/p>\n<p>Ma mission \u2014 aider les personnes bris\u00e9es et malades, celles qui ont besoin de trouver la paix int\u00e9rieure, l&#8217;\u00e9quilibre et l&#8217;harmonie dans une combinaison de pratiques adapt\u00e9es aux besoins de chacun.<\/p>\n<p style=\"text-align: center;\">Artiste transdisciplinaire, j&#8217;ai \u00e9tudi\u00e9 les Arts, la Litt\u00e9rature, l&#8217;Entrepreneuriat, le maquillage artistique &amp; d\u2019effets sp\u00e9ciaux\/proth\u00e8ses et ainsi que les pratiques d\u2019autosoins de la sant\u00e9, la th\u00e9rapie de gu\u00e9rison vibrationnelle et sonore.<\/p>\n<p style=\"text-align: center;\">J&#8217;ai cr\u00e9\u00e9 ce nom pour partager mes arts et mes pratiques multidisciplinaires.<\/p>\n<p>[\/vc_column_text][\/vc_column][vc_column width=&#8221;1\/6&#8243;][\/vc_column][\/vc_row][vc_row full_width=&#8221;stretch_row&#8221; equal_height=&#8221;yes&#8221; css=&#8221;.vc_custom_1663854102649{border-bottom-width: 1px !important;background-color: #ffebc1 !important;border-bottom-color: #000000 !important;border-bottom-style: solid !important;}&#8221; simple_background_color=&#8221;#ffebc1&#8243;][vc_column width=&#8221;1\/2&#8243; css=&#8221;.vc_custom_1660046707089{border-right-width: 1px !important;border-right-color: #000000 !important;border-right-style: solid !important;}&#8221;][vc_empty_space height=&#8221;40px&#8221;][vc_single_image image=&#8221;209&#8243; img_size=&#8221;400&#215;600&#8243; alignment=&#8221;center&#8221; style=&#8221;vc_box_outline&#8221; border_color=&#8221;black&#8221;][vc_empty_space height=&#8221;75px&#8221;][\/vc_column][vc_column width=&#8221;1\/2&#8243; css=&#8221;.vc_custom_1663854077435{padding-bottom: 50px !important;padding-left: 25px !important;}&#8221;][vc_custom_heading text=&#8221;Bio&#8221; font_container=&#8221;tag:h4|font_size:50px|text_align:left|line_height:60px&#8221; use_theme_fonts=&#8221;yes&#8221;][vc_column_text]<\/p>\n<div class=\"horizontal-scroll-wrapper\">\n<div class=\"table-block-component\">\n<div class=\"table-block has-export-button\">\n<div class=\"table-content not-end-of-paragraph\" data-hveid=\"0\" data-ved=\"0CAAQ3ecQahgKEwirztrE3o-QAxUAAAAAHQAAAAAQ2wE\">\n<p><strong>Bio<\/strong><\/p>\n<p>&nbsp;<\/p>\n<p><em>Bonjour, je m\u2019appelle STORM \u2014 coach en bien-\u00eatre, praticienne en soins sonores, et amoureuse de la nature. Mon travail consiste \u00e0 aider les gens \u00e0 reconnecter avec eux-m\u00eames \u00e0 travers des sons et vibrations th\u00e9rapeutiques, \u00e0 la conscience corporelle, et aux rythmes silencieux du monde. J\u2019accompagne depuis plusieurs ann\u00e9es celles et ceux qui souhaitent retrouver le calme, la clart\u00e9 et l\u2019\u00e9quilibre \u2014 que ce soit en entreprise ou en pleine nature.<\/em><\/p>\n<p><em>Mon approche est professionnelle, accessible et profond\u00e9ment humaine. Je crois aux pratiques de soin ancr\u00e9es dans des bases scientifiques, mais aussi \u00e0 la puissance de la pr\u00e9sence, du souffle et des vibrations. Je ne suis pas l\u00e0 pour \u00ab r\u00e9parer \u00bb qui que ce soit \u2014 seulement pour offrir un espace, des outils et des sons pour permettre \u00e0 chacun de se retrouver.<\/em><\/p>\n<\/div>\n<\/div>\n<\/div>\n<\/div>\n<p>[\/vc_column_text][\/vc_column][\/vc_row][vc_row full_width=&#8221;stretch_row&#8221; css=&#8221;.vc_custom_1668704342605{padding-top: 80px !important;padding-bottom: 100px !important;background-color: #ffebc1 !important;background-position: center !important;background-repeat: no-repeat !important;background-size: cover !important;}&#8221; el_class=&#8221;row-parallax-01&#8243;][vc_column][vc_row_inner disable_element=&#8221;yes&#8221;][vc_column_inner][vc_custom_heading text=&#8221;STRM is my artist name.&#8221; font_container=&#8221;tag:h4|font_size:65px|text_align:left&#8221; use_theme_fonts=&#8221;yes&#8221; css=&#8221;.vc_custom_1662376574524{margin-left: -39px !important;}&#8221;][\/vc_column_inner][\/vc_row_inner][vc_row_inner][vc_column_inner width=&#8221;1\/6&#8243;][\/vc_column_inner][vc_column_inner width=&#8221;2\/3&#8243; css=&#8221;.vc_custom_1660049913768{border-right-width: 1px !important;border-bottom-width: 1px !important;padding-right: 50px !important;padding-bottom: 50px !important;border-right-color: #000000 !important;border-right-style: solid !important;border-bottom-color: #000000 !important;border-bottom-style: solid !important;}&#8221;][vc_custom_heading text=&#8221;Je suis maintenant&#8221; font_container=&#8221;tag:h3|font_size:20px|text_align:left|line_height:30px&#8221; use_theme_fonts=&#8221;yes&#8221; css=&#8221;.vc_custom_1663853908807{margin-top: 0px !important;}&#8221;][vc_column_text]<\/p>\n<ul>\n<li>Musicienne certifiee enregistr\u00e9e aupr\u00e8s de la F\u00e9d\u00e9ration Am\u00e9ricaine des Musiciens.<\/li>\n<li>Th\u00e9rapeute certifi\u00e9e en gu\u00e9rison vibrationnelle &amp;sonore.<\/li>\n<li>Praticienne et enseignante en techniques d&#8217;auto-soins de la sant\u00e9 (reconnu par l&#8217;American Holistic Nurses Association (AHNA)<\/li>\n<li>Une des 100 seules harpistes th\u00e9rapeutiques au monde l\u2019une des deux seules au Canada<\/li>\n<li>Th\u00e9rapeute certifi\u00e9e en bols chantants de cristal.<\/li>\n<li>Dipl\u00f4m\u00e9e du certificatIntegrative Sound &amp; Music Institute (SMI) de Sylvia Nakkach&amp; New York Open Center.<\/li>\n<li>Je continue \u00e0 approfondir mes apprentissages, \u00e0 suivres une multitude de cours et \u00e0 participer \u00e0 de nombreux programmes pour enrichir davantage mes connaissances et mes comp\u00e9tences.<\/li>\n<\/ul>\n<p>&nbsp;<\/p>\n<p>J&#8217;ai trouv\u00e9 ma mission : aider les \u00ab\u00a0bris\u00e9s\u00a0\u00bb et les malades, ceux qui ont besoin de retrouver la paix int\u00e9rieure, l&#8217;\u00e9quilibre et l&#8217;harmonie au moyen d\u2019une combinaison de pratiques adapt\u00e9es aux besoins de chacun.[\/vc_column_text][\/vc_column_inner][vc_column_inner width=&#8221;1\/6&#8243;][\/vc_column_inner][\/vc_row_inner][vc_empty_space height=&#8221;100px&#8221;][\/vc_column][\/vc_row][vc_row full_width=&#8221;stretch_row&#8221; content_placement=&#8221;middle&#8221; css=&#8221;.vc_custom_1662377081370{border-bottom-width: 1px !important;background-color: #ffebc1 !important;border-bottom-color: #000000 !important;border-bottom-style: solid !important;}&#8221; simple_background_color=&#8221;#ffebc1&#8243;][vc_column width=&#8221;1\/2&#8243;][vc_empty_space][vc_custom_heading text=&#8221;Comment la therapievibrationelle&amp; sonoreou la pratique des autosoins de la sant\u00e9 peuvent-elles vous aider ?&#8221; font_container=&#8221;tag:h1|font_size:30px|text_align:left|line_height:40px&#8221; use_theme_fonts=&#8221;yes&#8221;][vc_column_text]En utilisant des combinaisons multidisciplinaires de fredonnement, de \u00ab\u00a0toning\u00a0\u00bb, de \u00ab\u00a0tapping\u00a0\u00bb, de chants, de techniques de respiration, de massages et d&#8217;instruments qui ancrent et apaisent, \u00e9clairent l&#8217;\u00e2me et font voyager l&#8217;esprit ainsi que d\u00e9velopper de nouvelles connexions dans le cerveau, les s\u00e9ances sont utiles et benefiques en cas d&#8217;\u00e9puisement professionnel, de d\u00e9pression, conscience et gestiond&#8217;\u00e9motion, TDAH, PTSD, TOC, d\u00e9pendances, Alzheimer, d\u00e9mence ainsi que gestion de la douleur, meilleur sommeil et clart\u00e9 d\u2019esprit.<\/p>\n<p>En ravivant la joie, le bonheur et l&#8217;amour, l&#8217;espoir r\u00e9tablissant la concentration et focus, ramenant l\u2019espoir et vous aider \u00e0 resplendir de l\u2019int\u00e9rieur comme a l\u2019exterieur.[\/vc_column_text][\/vc_column][vc_column width=&#8221;1\/2&#8243; css=&#8221;.vc_custom_1662376791036{border-right-width: 1px !important;border-right-color: #000000 !important;}&#8221;][vc_empty_space height=&#8221;40px&#8221;][vc_single_image image=&#8221;303&#8243; img_size=&#8221;400&#215;600&#8243; alignment=&#8221;center&#8221; style=&#8221;vc_box_outline&#8221; border_color=&#8221;black&#8221;][vc_empty_space height=&#8221;75px&#8221;][\/vc_column][\/vc_row]<\/p>\n","protected":false},"excerpt":{"rendered":"<p>[vc_row full_width=&#8221;stretch_row&#8221; css=&#8221;.vc_custom_1663850565729{border-bottom-width: 1px !important;padding-bottom: 65px !important;background-color: #ffebc1 !important;border-bottom-color: #000000 !important;border-bottom-style: solid !important;}&#8221; el_id=&#8221;r-ow-position-0&#8243; simple_background_color=&#8221;#ffebc1&#8243;][vc_column width=&#8221;1\/6&#8243; css=&#8221;.vc_custom_1663850500480{border-right-width: 1px !important;border-right-color: #000000 !important;}&#8221;][\/vc_column][vc_column width=&#8221;2\/3&#8243;][vc_custom_heading text=&#8221;STRM&#8221; font_container=&#8221;tag:h1|font_size:30px|text_align:center|line_height:40px&#8221; use_theme_fonts=&#8221;yes&#8221;][vc_column_text] STRM est mon acronyme repr\u00e9sentant diff\u00e9rents aspects de mon parcours, de ma personnalit\u00e9 et de [&hellip;]<\/p>\n","protected":false},"author":1,"featured_media":0,"parent":0,"menu_order":0,"comment_status":"closed","ping_status":"closed","template":"","meta":{"footnotes":""},"class_list":["post-205","page","type-page","status-publish","hentry"],"translation":{"provider":"WPGlobus","version":"3.0.0","language":"fr","enabled_languages":["en","fr"],"languages":{"en":{"title":true,"content":true,"excerpt":false},"fr":{"title":true,"content":true,"excerpt":false}}},"_links":{"self":[{"href":"https:\/\/cerebrumstrm.com\/fr\/wp-json\/wp\/v2\/pages\/205","targetHints":{"allow":["GET"]}}],"collection":[{"href":"https:\/\/cerebrumstrm.com\/fr\/wp-json\/wp\/v2\/pages"}],"about":[{"href":"https:\/\/cerebrumstrm.com\/fr\/wp-json\/wp\/v2\/types\/page"}],"author":[{"embeddable":true,"href":"https:\/\/cerebrumstrm.com\/fr\/wp-json\/wp\/v2\/users\/1"}],"replies":[{"embeddable":true,"href":"https:\/\/cerebrumstrm.com\/fr\/wp-json\/wp\/v2\/comments?post=205"}],"version-history":[{"count":54,"href":"https:\/\/cerebrumstrm.com\/fr\/wp-json\/wp\/v2\/pages\/205\/revisions"}],"predecessor-version":[{"id":1650,"href":"https:\/\/cerebrumstrm.com\/fr\/wp-json\/wp\/v2\/pages\/205\/revisions\/1650"}],"wp:attachment":[{"href":"https:\/\/cerebrumstrm.com\/fr\/wp-json\/wp\/v2\/media?parent=205"}],"curies":[{"name":"wp","href":"https:\/\/api.w.org\/{rel}","templated":true}]}}