{"id":3,"date":"2022-07-18T05:19:16","date_gmt":"2022-07-18T05:19:16","guid":{"rendered":"http:\/\/cerebrumstrm.com\/?page_id=3"},"modified":"2022-11-16T06:47:13","modified_gmt":"2022-11-16T06:47:13","slug":"privacy-policy","status":"publish","type":"page","link":"https:\/\/cerebrumstrm.com\/fr\/privacy-policy\/","title":{"rendered":"Politique de confidentialit\u00e9"},"content":{"rendered":"<p>[vc_row][vc_column][vc_icon icon_fontawesome=&#8221;far fa-address-card&#8221; color=&#8221;orange&#8221; background_style=&#8221;rounded&#8221; align=&#8221;center&#8221;][vc_custom_heading text=&#8221;QUI NOUS SOMMES?&#8221; font_container=&#8221;tag:h3|text_align:center&#8221; use_theme_fonts=&#8221;yes&#8221;][vc_column_text]STRM est mon acronyme qui repr\u00e9sente tant d&#8217;aspects de mon parcours et de ma personnalit\u00e9. Ma mission\u00a0: aider une fois bris\u00e9 et malade, celui qui a besoin de trouver la paix int\u00e9rieure, l&#8217;\u00e9quilibre et l&#8217;harmonie dans une combinaison de pratiques adapt\u00e9es aux besoins de chacun.[\/vc_column_text][vc_custom_heading text=&#8221;QUELLES DONN\u00c9ES PERSONNELLES COLLECTONS-NOUS ET POURQUOI LES COLLECTONS-NOUS&#8221; font_container=&#8221;tag:h5|font_size:20px|text_align:left&#8221; use_theme_fonts=&#8221;yes&#8221;][vc_column_text]Les informations personnelles que vous \u00eates invit\u00e9 \u00e0 fournir, et les raisons pour lesquelles vous \u00eates invit\u00e9 \u00e0 les fournir, vous seront pr\u00e9cis\u00e9es au moment o\u00f9 nous vous demanderons de fournir vos informations personnelles.<\/p>\n<p>Si vous nous contactez directement, nous pouvons recevoir des informations suppl\u00e9mentaires vous concernant telles que votre nom, votre adresse e-mail, votre num\u00e9ro de t\u00e9l\u00e9phone, le contenu du message et\/ou des pi\u00e8ces jointes que vous pouvez nous envoyer, et toute autre information que vous pouvez choisir de fournir.<\/p>\n<p>Lorsque vous cr\u00e9ez un compte, nous pouvons vous demander vos coordonn\u00e9es, y compris des \u00e9l\u00e9ments tels que le nom, le nom de l&#8217;entreprise, l&#8217;adresse, l&#8217;adresse e-mail et le num\u00e9ro de t\u00e9l\u00e9phone.[\/vc_column_text][vc_custom_heading text=&#8221;Comment nous utilisons vos informations&#8221; font_container=&#8221;tag:h5|font_size:20px|text_align:left&#8221; use_theme_fonts=&#8221;yes&#8221;][vc_column_text]<\/p>\n<p style=\"text-align: justify;\">Nous utilisons les informations que nous collectons de diff\u00e9rentes mani\u00e8res, notamment pour :<\/p>\n<ul>\n<li>Fournir, exploiter et maintenir notre site Web<\/li>\n<li>Am\u00e9liorer, personnaliser et d\u00e9velopper notre site Web<\/li>\n<li>Comprendre et analyser la fa\u00e7on dont vous utilisez notre site Web<\/li>\n<li>D\u00e9velopper de nouveaux produits, services, caract\u00e9ristiques et fonctionnalit\u00e9s<\/li>\n<li>Communiquer avec vous, directement ou par l&#8217;interm\u00e9diaire de l&#8217;un de nos partenaires, y compris pour le service client, pour vous fournir des mises \u00e0 jour et d&#8217;autres informations relatives au site Web, et \u00e0 des fins de marketing et de promotion<\/li>\n<li>Send you emails<\/li>\n<li>Find and prevent fraud<\/li>\n<\/ul>\n<p>[\/vc_column_text][vc_custom_heading text=&#8221;Fichiers journaux&#8221; font_container=&#8221;tag:h5|font_size:20px|text_align:left&#8221; use_theme_fonts=&#8221;yes&#8221;][vc_column_text]<\/p>\n<p style=\"text-align: justify;\">Cerebrum STRM suit une proc\u00e9dure standard d&#8217;utilisation des fichiers journaux. Ces fichiers enregistrent les visiteurs lorsqu&#8217;ils visitent des sites Web. Toutes les soci\u00e9t\u00e9s d&#8217;h\u00e9bergement le font ainsi qu&#8217;une partie de l&#8217;analyse des services d&#8217;h\u00e9bergement. Les informations collect\u00e9es par les fichiers journaux incluent les adresses IP (protocole Internet), le type de navigateur, le fournisseur d&#8217;acc\u00e8s Internet (FAI), l&#8217;horodatage, les pages de renvoi\/sortie et \u00e9ventuellement le nombre de clics. Ceux-ci ne sont li\u00e9s \u00e0 aucune information personnellement identifiable. Le but de l&#8217;information est d&#8217;analyser les tendances, d&#8217;administrer le site, de suivre le mouvement des utilisateurs sur le site Web et de recueillir des informations d\u00e9mographiques.<\/p>\n<p>[\/vc_column_text][vc_custom_heading text=&#8221;Cookies et balises Web&#8221; font_container=&#8221;tag:h5|font_size:20px|text_align:left&#8221; use_theme_fonts=&#8221;yes&#8221;][vc_column_text]<\/p>\n<p style=\"text-align: justify;\">Comme tout autre site Web, Cerebrum STRM utilise des \u00ab cookies \u00bb. Ces cookies sont utilis\u00e9s pour stocker des informations, y compris les pr\u00e9f\u00e9rences des visiteurs et les pages du site Web auxquelles le visiteur a acc\u00e9d\u00e9 ou visit\u00e9. Les informations sont utilis\u00e9es pour optimiser l&#8217;exp\u00e9rience des utilisateurs en personnalisant le contenu de notre page Web en fonction du type de navigateur des visiteurs et\/ou d&#8217;autres informations.<\/p>\n<p>[\/vc_column_text][vc_custom_heading text=&#8221;Politiques de confidentialit\u00e9 des tiers&#8221; font_container=&#8221;tag:h5|font_size:20px|text_align:left&#8221; use_theme_fonts=&#8221;yes&#8221;][vc_column_text]La politique de confidentialit\u00e9 de Cerebrum STRM ne s&#8217;applique pas aux autres annonceurs ou sites Web. Ainsi, nous vous conseillons de consulter les politiques de confidentialit\u00e9 respectives de ces serveurs publicitaires tiers pour des informations plus d\u00e9taill\u00e9es. Il peut inclure leurs pratiques et instructions sur la fa\u00e7on de se retirer de certaines options.<\/p>\n<p>Vous pouvez choisir de d\u00e9sactiver les cookies via les options de votre navigateur. Pour conna\u00eetre des informations plus d\u00e9taill\u00e9es sur la gestion des cookies avec des navigateurs Web sp\u00e9cifiques, vous pouvez les trouver sur les sites Web respectifs des navigateurs.[\/vc_column_text][vc_custom_heading text=&#8221;Droits de confidentialit\u00e9 CCPA (Ne vendez pas mes informations personnelles)&#8221; font_container=&#8221;tag:h5|font_size:20px|text_align:left&#8221; use_theme_fonts=&#8221;yes&#8221;][vc_column_text]En vertu du CCPA, entre autres droits, les consommateurs californiens ont le droit de\u00a0:<\/p>\n<p>Demander qu&#8217;une entreprise qui collecte les donn\u00e9es personnelles d&#8217;un consommateur divulgue les cat\u00e9gories et les \u00e9l\u00e9ments sp\u00e9cifiques de donn\u00e9es personnelles qu&#8217;une entreprise a collect\u00e9es sur les consommateurs.<\/p>\n<p>Demander \u00e0 une entreprise de supprimer toutes les donn\u00e9es personnelles sur le consommateur qu&#8217;une entreprise a collect\u00e9es.<\/p>\n<p>Demander qu&#8217;une entreprise qui vend les donn\u00e9es personnelles d&#8217;un consommateur ne vende pas les donn\u00e9es personnelles du consommateur.<\/p>\n<p>Si vous faites une demande, nous avons un mois pour vous r\u00e9pondre. Si vous souhaitez exercer l&#8217;un de ces droits, veuillez nous contacter.[\/vc_column_text][vc_custom_heading text=&#8221;Droits de protection des donn\u00e9es GDPR&#8221; font_container=&#8221;tag:h5|font_size:20px|text_align:left&#8221; use_theme_fonts=&#8221;yes&#8221;][vc_column_text]Nous souhaitons nous assurer que vous \u00eates pleinement conscient de tous vos droits en mati\u00e8re de protection des donn\u00e9es. Chaque utilisateur a droit \u00e0 ce qui suit\u00a0:<\/p>\n<p>Le droit d&#8217;acc\u00e8s \u2013 Vous avez le droit de demander des copies de vos donn\u00e9es personnelles. Nous pouvons vous facturer une somme modique pour ce service.<\/p>\n<p>Le droit de rectification \u2013 Vous avez le droit de nous demander de corriger toute information que vous jugez inexacte. Vous avez \u00e9galement le droit de nous demander de compl\u00e9ter les informations que vous jugez incompl\u00e8tes.<\/p>\n<p>Le droit \u00e0 l&#8217;effacement \u2013 \u200b\u200bVous avez le droit de nous demander d&#8217;effacer vos donn\u00e9es personnelles, sous certaines conditions.<\/p>\n<p>Le droit de restreindre le traitement \u2013 \u200b\u200bVous avez le droit de nous demander de restreindre le traitement de vos donn\u00e9es personnelles, sous certaines conditions.<\/p>\n<p>Le droit de vous opposer au traitement \u2013 \u200b\u200bVous avez le droit de vous opposer \u00e0 notre traitement de vos donn\u00e9es personnelles, sous certaines conditions.<\/p>\n<p>Le droit \u00e0 la portabilit\u00e9 des donn\u00e9es \u2013 Vous avez le droit de nous demander de transf\u00e9rer les donn\u00e9es que nous avons collect\u00e9es \u00e0 une autre organisation, ou directement \u00e0 vous, sous certaines conditions.<\/p>\n<p>Si vous faites une demande, nous avons un mois pour vous r\u00e9pondre. Si vous souhaitez exercer l&#8217;un de ces droits, veuillez nous contacter.[\/vc_column_text][vc_custom_heading text=&#8221;Informations sur les enfants&#8221; font_container=&#8221;tag:h5|font_size:20px|text_align:left&#8221; use_theme_fonts=&#8221;yes&#8221;][vc_column_text]Nous souhaitons nous assurer que vous \u00eates pleinement conscient de tous vos droits en mati\u00e8re de protection des donn\u00e9es. Chaque utilisateur a droit \u00e0 ce qui suit\u00a0:<\/p>\n<p>Le droit d&#8217;acc\u00e8s \u2013 Vous avez le droit de demander des copies de vos donn\u00e9es personnelles. Nous pouvons vous facturer une somme modique pour ce service.<\/p>\n<p>Une autre partie de notre priorit\u00e9 est d&#8217;ajouter une protection pour les enfants lors de l&#8217;utilisation d&#8217;Internet. Nous encourageons les parents et les tuteurs \u00e0 observer, participer et\/ou surveiller et guider leur activit\u00e9 en ligne.<\/p>\n<p>Cerebrum STRM ne collecte sciemment aucune information personnelle identifiable d&#8217;enfants de moins de 13 ans. Si vous pensez que votre enfant a fourni ce type d&#8217;informations sur notre site Web, nous vous encourageons fortement \u00e0 nous contacter imm\u00e9diatement et nous ferons de notre mieux pour r\u00e9pondre rapidement. supprimer ces informations de nos dossiers.[\/vc_column_text][\/vc_column][\/vc_row]<\/p>\n","protected":false},"excerpt":{"rendered":"<p>[vc_row][vc_column][vc_icon icon_fontawesome=&#8221;far fa-address-card&#8221; color=&#8221;orange&#8221; background_style=&#8221;rounded&#8221; align=&#8221;center&#8221;][vc_custom_heading text=&#8221;QUI NOUS SOMMES?&#8221; font_container=&#8221;tag:h3|text_align:center&#8221; use_theme_fonts=&#8221;yes&#8221;][vc_column_text]STRM est mon acronyme qui repr\u00e9sente tant d&#8217;aspects de mon parcours et de ma personnalit\u00e9. Ma mission\u00a0: aider une fois bris\u00e9 et malade, celui qui a besoin de trouver la [&hellip;]<\/p>\n","protected":false},"author":1,"featured_media":0,"parent":0,"menu_order":0,"comment_status":"closed","ping_status":"open","template":"","meta":{"footnotes":""},"class_list":["post-3","page","type-page","status-publish","hentry"],"translation":{"provider":"WPGlobus","version":"3.0.0","language":"fr","enabled_languages":["en","fr"],"languages":{"en":{"title":true,"content":true,"excerpt":false},"fr":{"title":true,"content":true,"excerpt":false}}},"_links":{"self":[{"href":"https:\/\/cerebrumstrm.com\/fr\/wp-json\/wp\/v2\/pages\/3","targetHints":{"allow":["GET"]}}],"collection":[{"href":"https:\/\/cerebrumstrm.com\/fr\/wp-json\/wp\/v2\/pages"}],"about":[{"href":"https:\/\/cerebrumstrm.com\/fr\/wp-json\/wp\/v2\/types\/page"}],"author":[{"embeddable":true,"href":"https:\/\/cerebrumstrm.com\/fr\/wp-json\/wp\/v2\/users\/1"}],"replies":[{"embeddable":true,"href":"https:\/\/cerebrumstrm.com\/fr\/wp-json\/wp\/v2\/comments?post=3"}],"version-history":[{"count":11,"href":"https:\/\/cerebrumstrm.com\/fr\/wp-json\/wp\/v2\/pages\/3\/revisions"}],"predecessor-version":[{"id":502,"href":"https:\/\/cerebrumstrm.com\/fr\/wp-json\/wp\/v2\/pages\/3\/revisions\/502"}],"wp:attachment":[{"href":"https:\/\/cerebrumstrm.com\/fr\/wp-json\/wp\/v2\/media?parent=3"}],"curies":[{"name":"wp","href":"https:\/\/api.w.org\/{rel}","templated":true}]}}