{"id":308,"date":"2022-09-15T09:34:52","date_gmt":"2022-09-15T09:34:52","guid":{"rendered":"http:\/\/cerebrumstrm.com\/?page_id=308"},"modified":"2022-10-12T06:28:11","modified_gmt":"2022-10-12T06:28:11","slug":"what-is-sound-healing","status":"publish","type":"page","link":"https:\/\/cerebrumstrm.com\/fr\/what-is-sound-healing\/","title":{"rendered":"QU&#8217;EST-CE QUE LA GU\u00c9RISON PAR LE SON ?"},"content":{"rendered":"<p>[vc_row][vc_column][vc_custom_heading text=&#8221;QU&#8217;EST-CE QUE LA GU\u00c9RISON PAR LE SON ?&#8221; font_container=&#8221;tag:h3|text_align:center|color:%23000000&#8243; use_theme_fonts=&#8221;yes&#8221;][vc_empty_space height=&#8221;20px&#8221;][\/vc_column][\/vc_row][vc_row full_width=&#8221;stretch_row&#8221; css=&#8221;.vc_custom_1663246182297{border-bottom-width: 1px !important;padding-bottom: 50px !important;border-bottom-color: #000000 !important;border-bottom-style: solid !important;}&#8221;][vc_column css=&#8221;.vc_custom_1663234564602{border-top-width: 3px !important;border-right-width: 3px !important;border-bottom-width: 3px !important;border-left-width: 3px !important;padding-top: 20px !important;padding-right: 20px !important;padding-bottom: 20px !important;padding-left: 20px !important;border-left-color: #000000 !important;border-left-style: double !important;border-right-color: #000000 !important;border-right-style: double !important;border-top-color: #000000 !important;border-top-style: double !important;border-bottom-color: #000000 !important;border-bottom-style: double !important;}&#8221;][vc_column_text]La gu\u00e9rison par le son est une ancienne pratique qui utilise diff\u00e9rents instruments musicaux pour cr\u00e9er des vibrations de gu\u00e9rison autour du corps dans un \u00e9tat m\u00e9ditatif. Les th\u00e9rapeutes utilisant les bols chantants, par exemple, utilisent des bols de cristaux, des gongs et instruments accord\u00e9s \u00e0 des fr\u00e9quences strat\u00e9giques pour gu\u00e9rir diff\u00e9rentes parties du corps et de l&#8217;esprit.<\/p>\n<p>Cette ancienne m\u00e9thode de gu\u00e9rison par le son est sacr\u00e9e au Tibet, o\u00f9 elle a \u00e9t\u00e9 utilis\u00e9e pour la premi\u00e8re fois vers le XIIe si\u00e8cle \u00e0 des fins de m\u00e9ditation, de gu\u00e9rison, de rituels et de c\u00e9r\u00e9monies.<\/p>\n<p>D&#8217;autres types de th\u00e9rapie par le son, comme la vibro-acoustique, la m\u00e9ditation guid\u00e9e et la musicoth\u00e9rapie neurologique, combinent la th\u00e9rapie de fr\u00e9quence et de pleine conscience pour traiter des conditions telles que l&#8217;anxi\u00e9t\u00e9 et la d\u00e9pression.<\/p>\n<p>Pendant des milliers d&#8217;ann\u00e9es, le son a \u00e9t\u00e9 utilis\u00e9 pour la gu\u00e9rison dans presque toutes les cultures. Les chants de mantras des hindous, les chants m\u00e9dicinaux et les c\u00e9r\u00e9monies de tambours des Am\u00e9rindiens, les chants des yogis tib\u00e9tains, utilisent tous des intervalles et des fr\u00e9quences sonores, et sont toutes des techniques de gu\u00e9rison sonores pouvant contribuer \u00e0 nous faire passer d&#8217;un \u00e9tat de d\u00e9s\u00e9quilibre malsain \u00e0 un \u00e9tat d&#8217;\u00e9quilibre sain. La m\u00e9decine traditionnelle chinoise (MTC) pr\u00e9conise la tonification vocale pour stimuler et tonifier les organes du corps.[\/vc_column_text][\/vc_column][\/vc_row]<\/p>\n","protected":false},"excerpt":{"rendered":"<p>[vc_row][vc_column][vc_custom_heading text=&#8221;QU&#8217;EST-CE QUE LA GU\u00c9RISON PAR LE SON ?&#8221; font_container=&#8221;tag:h3|text_align:center|color:%23000000&#8243; use_theme_fonts=&#8221;yes&#8221;][vc_empty_space height=&#8221;20px&#8221;][\/vc_column][\/vc_row][vc_row full_width=&#8221;stretch_row&#8221; css=&#8221;.vc_custom_1663246182297{border-bottom-width: 1px !important;padding-bottom: 50px !important;border-bottom-color: #000000 !important;border-bottom-style: solid !important;}&#8221;][vc_column css=&#8221;.vc_custom_1663234564602{border-top-width: 3px !important;border-right-width: 3px !important;border-bottom-width: 3px !important;border-left-width: 3px !important;padding-top: 20px !important;padding-right: 20px !important;padding-bottom: 20px !important;padding-left: 20px !important;border-left-color: #000000 [&hellip;]<\/p>\n","protected":false},"author":1,"featured_media":0,"parent":0,"menu_order":0,"comment_status":"closed","ping_status":"closed","template":"","meta":{"footnotes":""},"class_list":["post-308","page","type-page","status-publish","hentry"],"translation":{"provider":"WPGlobus","version":"3.0.0","language":"fr","enabled_languages":["en","fr"],"languages":{"en":{"title":true,"content":true,"excerpt":false},"fr":{"title":true,"content":true,"excerpt":false}}},"_links":{"self":[{"href":"https:\/\/cerebrumstrm.com\/fr\/wp-json\/wp\/v2\/pages\/308","targetHints":{"allow":["GET"]}}],"collection":[{"href":"https:\/\/cerebrumstrm.com\/fr\/wp-json\/wp\/v2\/pages"}],"about":[{"href":"https:\/\/cerebrumstrm.com\/fr\/wp-json\/wp\/v2\/types\/page"}],"author":[{"embeddable":true,"href":"https:\/\/cerebrumstrm.com\/fr\/wp-json\/wp\/v2\/users\/1"}],"replies":[{"embeddable":true,"href":"https:\/\/cerebrumstrm.com\/fr\/wp-json\/wp\/v2\/comments?post=308"}],"version-history":[{"count":7,"href":"https:\/\/cerebrumstrm.com\/fr\/wp-json\/wp\/v2\/pages\/308\/revisions"}],"predecessor-version":[{"id":432,"href":"https:\/\/cerebrumstrm.com\/fr\/wp-json\/wp\/v2\/pages\/308\/revisions\/432"}],"wp:attachment":[{"href":"https:\/\/cerebrumstrm.com\/fr\/wp-json\/wp\/v2\/media?parent=308"}],"curies":[{"name":"wp","href":"https:\/\/api.w.org\/{rel}","templated":true}]}}