{"id":314,"date":"2022-09-15T09:40:37","date_gmt":"2022-09-15T09:40:37","guid":{"rendered":"http:\/\/cerebrumstrm.com\/?page_id=314"},"modified":"2022-10-12T06:32:08","modified_gmt":"2022-10-12T06:32:08","slug":"how-does-it-work","status":"publish","type":"page","link":"https:\/\/cerebrumstrm.com\/fr\/how-does-it-work\/","title":{"rendered":"COMMENT FONCTIONNE LA GU\u00c9RISON PAR LE SON ?"},"content":{"rendered":"<p>[vc_row][vc_column][vc_custom_heading text=&#8221;COMMENT FONCTIONNE LA GU\u00c9RISON PAR LE SON ?&#8221; font_container=&#8221;tag:h3|text_align:center|color:%23000000&#8243; use_theme_fonts=&#8221;yes&#8221;][vc_empty_space height=&#8221;20px&#8221;][\/vc_column][\/vc_row][vc_row full_width=&#8221;stretch_row&#8221; css=&#8221;.vc_custom_1663246219751{border-bottom-width: 1px !important;padding-bottom: 50px !important;border-bottom-color: #000000 !important;border-bottom-style: solid !important;}&#8221;][vc_column css=&#8221;.vc_custom_1663234564602{border-top-width: 3px !important;border-right-width: 3px !important;border-bottom-width: 3px !important;border-left-width: 3px !important;padding-top: 20px !important;padding-right: 20px !important;padding-bottom: 20px !important;padding-left: 20px !important;border-left-color: #000000 !important;border-left-style: double !important;border-right-color: #000000 !important;border-right-style: double !important;border-top-color: #000000 !important;border-top-style: double !important;border-bottom-color: #000000 !important;border-bottom-style: double !important;}&#8221;][vc_column_text]Le son peut aider \u00e0 modifier nos \u00e9tats d&#8217;ondes c\u00e9r\u00e9brales, en utilisant des m\u00e9thodes d&#8217;entra\u00eenement, telles que des battements binauraux ou des tonalit\u00e9s isochrones. De m\u00eame, l&#8217;entra\u00eenement des ondes c\u00e9r\u00e9brales peut \u00eatre utilis\u00e9 pour synchroniser nos ondes c\u00e9r\u00e9brales. Cela permet de passer rapidement de notre \u00e9tat d&#8217;onde c\u00e9r\u00e9brale b\u00eata normal, alerte et \u00e9veill\u00e9, \u00e0 un \u00e9tat alpha m\u00e9ditatif d\u00e9tendu.<\/p>\n<p>De plus, le son peut m\u00eame induire une m\u00e9ditation th\u00eata encore plus profonde et un sommeil delta profond, o\u00f9 le corps peut se gu\u00e9rir.<\/p>\n<p>La th\u00e9rapie par le son est \u00e0 la fois passive et participative. Passif signifie que vous devenez consciemment d\u00e9tendu. Vous vous allongez, fermez les yeux et consciemment ralentissez et approfondissez votre respiration. C&#8217;est dans cet \u00e9tat de relaxation que vous participerez, en vous ouvrant, et en prenant consciemment conscience de chaque son. Le son lui-m\u00eame aidera \u00e0 cr\u00e9er les voies mentales pour aider \u00e0 approfondir cette relaxation. C&#8217;est de la m\u00eame mani\u00e8re qu&#8217;un mantra peut vous aider \u00e0 atteindre un \u00e9tat de m\u00e9ditation.<\/p>\n<p>Diverses fr\u00e9quences de chants riches en harmoniques, stimulent notre cerveau, revitalisent nos fonctions cognitives, \u00e9veillent \u00e9galement la concentration induisant la conscience et aiguisant la capacit\u00e9 de conscience de soi.<\/p>\n<p>Nos oreilles abritent \u00e9galement le syst\u00e8me vestibulaire, le syst\u00e8me unificateur de notre cerveau charg\u00e9 de nous orienter dans l&#8217;espace et le temps, nous permettant de nous tenir debout, de faire la diff\u00e9rence entre le haut et le bas, la gauche et la droite, l&#8217;avant et l&#8217;arri\u00e8re.<\/p>\n<p>Un syst\u00e8me vestibulaire sain est essentiel \u00e0 la fa\u00e7on dont nous nous orientons dans le monde et constitue la base de toutes les fonctions cognitives sup\u00e9rieures telles que la lecture, l&#8217;\u00e9criture et la pens\u00e9e. -Silvia Nakkach MA, MMT<\/p>\n<p>Les programmes de stimulation auditive ont connu un succ\u00e8s remarquable pour aider les enfants et les adultes souffrant d&#8217;autisme, de TOC, de TDAH, de dyslexie et d&#8217;autres difficult\u00e9s d&#8217;apprentissage ou de traitement.[\/vc_column_text][\/vc_column][\/vc_row]<\/p>\n","protected":false},"excerpt":{"rendered":"<p>[vc_row][vc_column][vc_custom_heading text=&#8221;COMMENT FONCTIONNE LA GU\u00c9RISON PAR LE SON ?&#8221; font_container=&#8221;tag:h3|text_align:center|color:%23000000&#8243; use_theme_fonts=&#8221;yes&#8221;][vc_empty_space height=&#8221;20px&#8221;][\/vc_column][\/vc_row][vc_row full_width=&#8221;stretch_row&#8221; css=&#8221;.vc_custom_1663246219751{border-bottom-width: 1px !important;padding-bottom: 50px !important;border-bottom-color: #000000 !important;border-bottom-style: solid !important;}&#8221;][vc_column css=&#8221;.vc_custom_1663234564602{border-top-width: 3px !important;border-right-width: 3px !important;border-bottom-width: 3px !important;border-left-width: 3px !important;padding-top: 20px !important;padding-right: 20px !important;padding-bottom: 20px !important;padding-left: 20px !important;border-left-color: #000000 [&hellip;]<\/p>\n","protected":false},"author":1,"featured_media":0,"parent":0,"menu_order":0,"comment_status":"closed","ping_status":"closed","template":"","meta":{"footnotes":""},"class_list":["post-314","page","type-page","status-publish","hentry"],"translation":{"provider":"WPGlobus","version":"3.0.0","language":"fr","enabled_languages":["en","fr"],"languages":{"en":{"title":true,"content":true,"excerpt":false},"fr":{"title":true,"content":true,"excerpt":false}}},"_links":{"self":[{"href":"https:\/\/cerebrumstrm.com\/fr\/wp-json\/wp\/v2\/pages\/314","targetHints":{"allow":["GET"]}}],"collection":[{"href":"https:\/\/cerebrumstrm.com\/fr\/wp-json\/wp\/v2\/pages"}],"about":[{"href":"https:\/\/cerebrumstrm.com\/fr\/wp-json\/wp\/v2\/types\/page"}],"author":[{"embeddable":true,"href":"https:\/\/cerebrumstrm.com\/fr\/wp-json\/wp\/v2\/users\/1"}],"replies":[{"embeddable":true,"href":"https:\/\/cerebrumstrm.com\/fr\/wp-json\/wp\/v2\/comments?post=314"}],"version-history":[{"count":5,"href":"https:\/\/cerebrumstrm.com\/fr\/wp-json\/wp\/v2\/pages\/314\/revisions"}],"predecessor-version":[{"id":434,"href":"https:\/\/cerebrumstrm.com\/fr\/wp-json\/wp\/v2\/pages\/314\/revisions\/434"}],"wp:attachment":[{"href":"https:\/\/cerebrumstrm.com\/fr\/wp-json\/wp\/v2\/media?parent=314"}],"curies":[{"name":"wp","href":"https:\/\/api.w.org\/{rel}","templated":true}]}}