{"id":318,"date":"2022-09-15T09:53:18","date_gmt":"2022-09-15T09:53:18","guid":{"rendered":"http:\/\/cerebrumstrm.com\/?page_id=318"},"modified":"2022-10-12T06:35:28","modified_gmt":"2022-10-12T06:35:28","slug":"what-can-sound-do","status":"publish","type":"page","link":"https:\/\/cerebrumstrm.com\/fr\/what-can-sound-do\/","title":{"rendered":"QUE PEUT FAIRE LE SON ?"},"content":{"rendered":"<p>[vc_row][vc_column][vc_custom_heading text=&#8221;QUE PEUT FAIRE LE SON ?&#8221; font_container=&#8221;tag:h3|text_align:center|color:%23000000&#8243; use_theme_fonts=&#8221;yes&#8221;][vc_empty_space height=&#8221;20px&#8221;][\/vc_column][\/vc_row][vc_row full_width=&#8221;stretch_row&#8221; css=&#8221;.vc_custom_1663246247857{border-bottom-width: 1px !important;padding-bottom: 50px !important;border-bottom-color: #000000 !important;border-bottom-style: solid !important;}&#8221;][vc_column css=&#8221;.vc_custom_1663234564602{border-top-width: 3px !important;border-right-width: 3px !important;border-bottom-width: 3px !important;border-left-width: 3px !important;padding-top: 20px !important;padding-right: 20px !important;padding-bottom: 20px !important;padding-left: 20px !important;border-left-color: #000000 !important;border-left-style: double !important;border-right-color: #000000 !important;border-right-style: double !important;border-top-color: #000000 !important;border-top-style: double !important;border-bottom-color: #000000 !important;border-bottom-style: double !important;}&#8221;][vc_column_text]La gu\u00e9rison par le son a une base \u00e0 la fois en neurologie et en psychologie. Il a \u00e9t\u00e9 prouv\u00e9dans des \u00e9tudes neurologiques qu&#8217;\u00e9couter de la musique nous rend plus productifs et cr\u00e9atifs ; il peut soulager le stress et, selon le type de musique, peut am\u00e9liorer notre humeur.<\/p>\n<p>Le son aide non seulement \u00e0 induire un \u00e9tat de relaxation profonde, mais il a \u00e9galement une mani\u00e8re unique et profonde de se d\u00e9placer dans nos zones de blocage \u00e9nerg\u00e9tique. Ces blocages \u00e9nerg\u00e9tiques se retrouvent dans notre corps physique, ainsi que dans notre corps subtil, notre aura.<\/p>\n<ul>\n<li>L&#8217;oreille humaine est reli\u00e9e \u00e0 pratiquement tous les organes du corps au moyen du dixi\u00e8me nerf cr\u00e2nien ou nerf vague. Le nerf vague transporte 75% de toute l&#8217;activit\u00e9 parasympathique &#8211; les signaux qui indiquent \u00e0 notre corps qu&#8217;il est normal de se reposer et de dig\u00e9rer. Lorsqu&#8217;il est stimul\u00e9 par des sons apaisants et particuli\u00e8rement lorsque nous chantons, nous envoyons un message de calme et de relaxation \u00e0 chaque partie de notre corps ; c&#8217;est un massage pour chaque organe du corps.<\/li>\n<li>Lorsqu&#8217;un corps est stress\u00e9, la production d&#8217;oxyde nitrique diminue et peut entra\u00eener un manque d&#8217;\u00e9nergie, des douleurs articulaires, une d\u00e9pression, une diminution de la libido, des maux de t\u00eate, une perte de m\u00e9moire et une mauvaise digestion. Au fil du temps, ces conditions peuvent d\u00e9g\u00e9n\u00e9rer en maladies majeures, notamment les maladies cardiovasculaires, le diab\u00e8te, la maladie d&#8217;Alzheimer, les maladies auto-immunes et le cancer.<\/li>\n<\/ul>\n<p>&nbsp;<\/p>\n<p>Les \u00e9tudes du Dr John Beaulieu montrent que l&#8217;application de diapasons sur le corps frappe rapidement la production d&#8217;oxyde nitrique (NO), une minuscule mol\u00e9cule de gaz fondamentale \u00e0 toute vie et essentielle au bon fonctionnement de tous les syst\u00e8mes organiques. Le bourdonnement augmente l&#8217;oxyde nitrique nasal de 15 \u00e0 20 fois. Le fredonnement peut am\u00e9liorer notre sant\u00e9 circulatoire, notre immunit\u00e9 et nous mettre sur une voie parasympathique vers le repos et la relaxation.<\/p>\n<p>&nbsp;<\/p>\n<ul>\n<li>Le corps physique est l&#8217;endroit o\u00f9 nous ressentons de l&#8217;inconfort et de la douleur. La relaxation profonde peut soulager la douleur et l&#8217;inconfort. Elle nous permet de modifier consciemment notre rapport \u00e0 l&#8217;inconfort ou \u00e0 la douleur. Les fr\u00e9quences de gu\u00e9rison sonore peuvent aider \u00e0 faciliter une r\u00e9action physiologique, telle que la lib\u00e9ration naturelle d&#8217;endorphines.<\/li>\n<\/ul>\n<p>Le corps subtil est notre corps \u00e9nerg\u00e9tique, notre aura. Le corps subtil contient les d\u00e9s\u00e9quilibres \u00e9nerg\u00e9tiques et les traumatismes \u00e9motionnels, qui peuvent finalement se manifester dans notre corps physique. Il est essentiel d&#8217;aborder la gu\u00e9rison, \u00e0 la fois physique et \u00e9motionnelle, et pas seulement sous un angle physique. La gu\u00e9rison est une exp\u00e9rience holistique, qui englobe le corps, l&#8217;esprit et l&#8217;esprit.<\/p>\n<p>La recherche a montr\u00e9 que le cerveau des musiciens est plus sym\u00e9trique. Et que les parties du cerveau responsables du fonctionnement moteur et cognitif, de la coordination et du raisonnement sont nettement plus grandes. Et gr\u00e2ce \u00e0 un corps calleux \u00e9largi, les deux h\u00e9misph\u00e8res du cerveau ont une meilleure communication. Dans des \u00e9tudes neurologiques, il a \u00e9t\u00e9 prouv\u00e9 qu&#8217;\u00e9couter de la musique nous rend plus productifs et cr\u00e9atifs. Il peut soulager le stress et am\u00e9liorer notre humeur.<\/p>\n<p>En effet, \u00e9couter de la musique inonde notre cerveau de dopamine. Il lib\u00e8re \u00e9galement de l&#8217;ocytocine, un analg\u00e9sique naturel et une hormone qui nous permet de cr\u00e9er des liens avec les autres. La musique contribue \u00e9galement au d\u00e9veloppement du langage et am\u00e9liore la communication.<\/p>\n<p>Int\u00e9gration de pratiques yogiques sonores, y compris des formules de sons sacr\u00e9s, des mantras, des chants, des fredonnements et des tonifications pour br\u00fbler les impuret\u00e9s du corps et de l&#8217;esprit\u00a0; des \u00e9motions claires et finalement, pour atteindre la lib\u00e9ration de toutes les conditions.<\/p>\n<p>Il a m\u00eame \u00e9t\u00e9 d\u00e9montr\u00e9 qu&#8217;il augmente notre QI, il est donc prudent de dire que la musique nous rend plus intelligents. Il am\u00e9liore \u00e9galement notre m\u00e9moire, \u00e9loignant les troubles c\u00e9r\u00e9braux tels que la maladie d&#8217;Alzheimer. La musique est puissante. Cela peut changer notre cerveau, et donc cela change notre corps.[\/vc_column_text][\/vc_column][\/vc_row]<\/p>\n","protected":false},"excerpt":{"rendered":"<p>[vc_row][vc_column][vc_custom_heading text=&#8221;QUE PEUT FAIRE LE SON ?&#8221; font_container=&#8221;tag:h3|text_align:center|color:%23000000&#8243; use_theme_fonts=&#8221;yes&#8221;][vc_empty_space height=&#8221;20px&#8221;][\/vc_column][\/vc_row][vc_row full_width=&#8221;stretch_row&#8221; css=&#8221;.vc_custom_1663246247857{border-bottom-width: 1px !important;padding-bottom: 50px !important;border-bottom-color: #000000 !important;border-bottom-style: solid !important;}&#8221;][vc_column css=&#8221;.vc_custom_1663234564602{border-top-width: 3px !important;border-right-width: 3px !important;border-bottom-width: 3px !important;border-left-width: 3px !important;padding-top: 20px !important;padding-right: 20px !important;padding-bottom: 20px !important;padding-left: 20px !important;border-left-color: #000000 !important;border-left-style: double [&hellip;]<\/p>\n","protected":false},"author":1,"featured_media":0,"parent":0,"menu_order":0,"comment_status":"closed","ping_status":"closed","template":"","meta":{"footnotes":""},"class_list":["post-318","page","type-page","status-publish","hentry"],"translation":{"provider":"WPGlobus","version":"3.0.0","language":"fr","enabled_languages":["en","fr"],"languages":{"en":{"title":true,"content":true,"excerpt":false},"fr":{"title":true,"content":true,"excerpt":false}}},"_links":{"self":[{"href":"https:\/\/cerebrumstrm.com\/fr\/wp-json\/wp\/v2\/pages\/318","targetHints":{"allow":["GET"]}}],"collection":[{"href":"https:\/\/cerebrumstrm.com\/fr\/wp-json\/wp\/v2\/pages"}],"about":[{"href":"https:\/\/cerebrumstrm.com\/fr\/wp-json\/wp\/v2\/types\/page"}],"author":[{"embeddable":true,"href":"https:\/\/cerebrumstrm.com\/fr\/wp-json\/wp\/v2\/users\/1"}],"replies":[{"embeddable":true,"href":"https:\/\/cerebrumstrm.com\/fr\/wp-json\/wp\/v2\/comments?post=318"}],"version-history":[{"count":7,"href":"https:\/\/cerebrumstrm.com\/fr\/wp-json\/wp\/v2\/pages\/318\/revisions"}],"predecessor-version":[{"id":435,"href":"https:\/\/cerebrumstrm.com\/fr\/wp-json\/wp\/v2\/pages\/318\/revisions\/435"}],"wp:attachment":[{"href":"https:\/\/cerebrumstrm.com\/fr\/wp-json\/wp\/v2\/media?parent=318"}],"curies":[{"name":"wp","href":"https:\/\/api.w.org\/{rel}","templated":true}]}}