{"id":324,"date":"2022-09-15T10:04:29","date_gmt":"2022-09-15T10:04:29","guid":{"rendered":"http:\/\/cerebrumstrm.com\/?page_id=324"},"modified":"2022-10-12T06:37:34","modified_gmt":"2022-10-12T06:37:34","slug":"can-sound-waves-heal-you","status":"publish","type":"page","link":"https:\/\/cerebrumstrm.com\/fr\/can-sound-waves-heal-you\/","title":{"rendered":"Les ondes sonores peuvent-elles vous gu\u00e9rir ?"},"content":{"rendered":"<p>[vc_row][vc_column][vc_custom_heading text=&#8221;Les ondes sonores peuvent-elles vous gu\u00e9rir ?&#8221; font_container=&#8221;tag:h3|text_align:center|color:%23000000&#8243; use_theme_fonts=&#8221;yes&#8221;][vc_empty_space height=&#8221;20px&#8221;][\/vc_column][\/vc_row][vc_row full_width=&#8221;stretch_row&#8221; css=&#8221;.vc_custom_1663246272226{border-bottom-width: 1px !important;padding-bottom: 50px !important;border-bottom-color: #000000 !important;border-bottom-style: solid !important;}&#8221;][vc_column css=&#8221;.vc_custom_1663234564602{border-top-width: 3px !important;border-right-width: 3px !important;border-bottom-width: 3px !important;border-left-width: 3px !important;padding-top: 20px !important;padding-right: 20px !important;padding-bottom: 20px !important;padding-left: 20px !important;border-left-color: #000000 !important;border-left-style: double !important;border-right-color: #000000 !important;border-right-style: double !important;border-top-color: #000000 !important;border-top-style: double !important;border-bottom-color: #000000 !important;border-bottom-style: double !important;}&#8221;][vc_column_text]Presque tout ce que nous vivons dans l&#8217;univers est simplement notre perception des ondes.<\/p>\n<p>Lorsque les ondes sonores atteignent nos oreilles, elles sont converties en signaux \u00e9lectriques qui remontent le nerf auditif jusqu&#8217;au cortex auditif, la partie du cerveau qui traite le son. Une fois que les ondes sonores atteignent notre cerveau, elles d\u00e9clenchent des r\u00e9ponses dans notre corps.<\/p>\n<p>Ce processus modifie nos \u00e9motions, lib\u00e8re des hormones et d\u00e9clenche certaines impulsions.<\/p>\n<p>La th\u00e9rapie par le son est d\u00e9sormais consid\u00e9r\u00e9e comme la modalit\u00e9 de gu\u00e9rison du 21\u00e8me si\u00e8cle.<\/p>\n<p>Certaines conditions que la gu\u00e9rison par le son peut influencer comprennent\u00a0:<\/p>\n<ul>\n<li>Bien-\u00eatre g\u00e9n\u00e9ral<\/li>\n<li>Insomnie<\/li>\n<li>Mal de dos<\/li>\n<li>Migraines et douleurs cervicales<\/li>\n<li>Hyperactivit\u00e9 (TDAH)<\/li>\n<li>R\u00e9cup\u00e9ration des blessures<\/li>\n<li>Gestion de la douleur<\/li>\n<li>Stress \u00e9motionnel<\/li>\n<li>Blocages \u00e9nerg\u00e9tiques<\/li>\n<li>Lib\u00e9ration du traumatisme<\/li>\n<li>Stress post-traumatique (ESPT)<\/li>\n<li>Cessation des attaques de panique<\/li>\n<li>R\u00e9duction du stress li\u00e9 au cancer en phase terminale<\/li>\n<\/ul>\n<p>[\/vc_column_text][\/vc_column][\/vc_row]<\/p>\n","protected":false},"excerpt":{"rendered":"<p>[vc_row][vc_column][vc_custom_heading text=&#8221;Les ondes sonores peuvent-elles vous gu\u00e9rir ?&#8221; font_container=&#8221;tag:h3|text_align:center|color:%23000000&#8243; use_theme_fonts=&#8221;yes&#8221;][vc_empty_space height=&#8221;20px&#8221;][\/vc_column][\/vc_row][vc_row full_width=&#8221;stretch_row&#8221; css=&#8221;.vc_custom_1663246272226{border-bottom-width: 1px !important;padding-bottom: 50px !important;border-bottom-color: #000000 !important;border-bottom-style: solid !important;}&#8221;][vc_column css=&#8221;.vc_custom_1663234564602{border-top-width: 3px !important;border-right-width: 3px !important;border-bottom-width: 3px !important;border-left-width: 3px !important;padding-top: 20px !important;padding-right: 20px !important;padding-bottom: 20px !important;padding-left: 20px !important;border-left-color: #000000 !important;border-left-style: [&hellip;]<\/p>\n","protected":false},"author":1,"featured_media":0,"parent":0,"menu_order":0,"comment_status":"closed","ping_status":"closed","template":"","meta":{"footnotes":""},"class_list":["post-324","page","type-page","status-publish","hentry"],"translation":{"provider":"WPGlobus","version":"3.0.0","language":"fr","enabled_languages":["en","fr"],"languages":{"en":{"title":true,"content":true,"excerpt":false},"fr":{"title":true,"content":true,"excerpt":false}}},"_links":{"self":[{"href":"https:\/\/cerebrumstrm.com\/fr\/wp-json\/wp\/v2\/pages\/324","targetHints":{"allow":["GET"]}}],"collection":[{"href":"https:\/\/cerebrumstrm.com\/fr\/wp-json\/wp\/v2\/pages"}],"about":[{"href":"https:\/\/cerebrumstrm.com\/fr\/wp-json\/wp\/v2\/types\/page"}],"author":[{"embeddable":true,"href":"https:\/\/cerebrumstrm.com\/fr\/wp-json\/wp\/v2\/users\/1"}],"replies":[{"embeddable":true,"href":"https:\/\/cerebrumstrm.com\/fr\/wp-json\/wp\/v2\/comments?post=324"}],"version-history":[{"count":5,"href":"https:\/\/cerebrumstrm.com\/fr\/wp-json\/wp\/v2\/pages\/324\/revisions"}],"predecessor-version":[{"id":437,"href":"https:\/\/cerebrumstrm.com\/fr\/wp-json\/wp\/v2\/pages\/324\/revisions\/437"}],"wp:attachment":[{"href":"https:\/\/cerebrumstrm.com\/fr\/wp-json\/wp\/v2\/media?parent=324"}],"curies":[{"name":"wp","href":"https:\/\/api.w.org\/{rel}","templated":true}]}}