{"id":336,"date":"2022-09-15T12:36:24","date_gmt":"2022-09-15T12:36:24","guid":{"rendered":"http:\/\/cerebrumstrm.com\/?page_id=336"},"modified":"2023-03-24T18:43:50","modified_gmt":"2023-03-24T18:43:50","slug":"book","status":"publish","type":"page","link":"https:\/\/cerebrumstrm.com\/fr\/book\/","title":{"rendered":"book"},"content":{"rendered":"<p>[vc_row css=&#8221;.vc_custom_1665553036801{padding-top: 30px !important;}&#8221;][vc_column][vc_custom_heading text=&#8221;Services&#8221; font_container=&#8221;tag:h3|text_align:center&#8221; use_theme_fonts=&#8221;yes&#8221;][\/vc_column][\/vc_row][vc_row gap=&#8221;30&#8243; equal_height=&#8221;yes&#8221; row_content_width=&#8221;grid&#8221; css=&#8221;.vc_custom_1665553006978{padding-top: 50px !important;padding-bottom: 50px !important;}&#8221;][vc_column width=&#8221;1\/3&#8243; css=&#8221;.vc_custom_1665552545172{border-top-width: 3px !important;border-right-width: 3px !important;border-bottom-width: 3px !important;border-left-width: 3px !important;padding-top: 10px !important;padding-right: 20px !important;padding-bottom: 10px !important;padding-left: 20px !important;background-color: #ffebc1 !important;border-left-color: #000000 !important;border-left-style: double !important;border-right-color: #000000 !important;border-right-style: double !important;border-top-color: #000000 !important;border-top-style: double !important;border-bottom-color: #000000 !important;border-bottom-style: double !important;}&#8221;][vc_custom_heading text=&#8221;Sound Bath: 100$&#8221; font_container=&#8221;tag:h3|font_size:20px|text_align:left|line_height:30px&#8221; use_theme_fonts=&#8221;yes&#8221;][vc_column_text]<\/p>\n<p style=\"font-weight: 400;\">Usually combined with other practices like Yoga, Acupuncture or Meditation practices.<\/p>\n<p>[\/vc_column_text][vc_empty_space height=&#8221;12px&#8221;][vc_btn title=&#8221;Book Now&#8221; style=&#8221;custom&#8221; custom_background=&#8221;#013214&#8243; custom_text=&#8221;#ffffff&#8221; shape=&#8221;square&#8221; size=&#8221;sm&#8221; align=&#8221;left&#8221; link=&#8221;url:%23book&#8221;][\/vc_column][vc_column width=&#8221;1\/3&#8243; css=&#8221;.vc_custom_1665552637453{border-top-width: 3px !important;border-right-width: 3px !important;border-bottom-width: 3px !important;border-left-width: 3px !important;padding-top: 10px !important;padding-right: 20px !important;padding-bottom: 10px !important;padding-left: 20px !important;background-color: #ffebc1 !important;border-left-color: #000000 !important;border-left-style: double !important;border-right-color: #000000 !important;border-right-style: double !important;border-top-color: #000000 !important;border-top-style: double !important;border-bottom-color: #000000 !important;border-bottom-style: double !important;}&#8221;][vc_custom_heading text=&#8221;Sound Healing: 200$&#8221; font_container=&#8221;tag:h3|font_size:20px|text_align:left|line_height:30px&#8221; use_theme_fonts=&#8221;yes&#8221;][vc_column_text]<\/p>\n<p style=\"font-weight: 400;\">Self-Care Techniques practices and guided meditation targeting emotions, feelings and healing of the body and mind.<\/p>\n<p>[\/vc_column_text][vc_empty_space height=&#8221;12px&#8221;][vc_btn title=&#8221;Book Now&#8221; style=&#8221;custom&#8221; custom_background=&#8221;#013214&#8243; custom_text=&#8221;#ffffff&#8221; shape=&#8221;square&#8221; size=&#8221;sm&#8221; align=&#8221;left&#8221; link=&#8221;url:%23book&#8221;][\/vc_column][vc_column width=&#8221;1\/3&#8243; css=&#8221;.vc_custom_1665552648520{border-top-width: 3px !important;border-right-width: 3px !important;border-bottom-width: 3px !important;border-left-width: 3px !important;padding-top: 10px !important;padding-right: 20px !important;padding-bottom: 10px !important;padding-left: 20px !important;background-color: #ffebc1 !important;border-left-color: #000000 !important;border-left-style: double !important;border-right-color: #000000 !important;border-right-style: double !important;border-top-color: #000000 !important;border-top-style: double !important;border-bottom-color: #000000 !important;border-bottom-style: double !important;}&#8221;][vc_custom_heading text=&#8221;Group Sessions: 65$\/ person min 4&#8243; font_container=&#8221;tag:h3|font_size:20px|text_align:left|line_height:30px&#8221; use_theme_fonts=&#8221;yes&#8221;][vc_empty_space height=&#8221;12px&#8221;][vc_btn title=&#8221;Book Now&#8221; style=&#8221;custom&#8221; custom_background=&#8221;#013214&#8243; custom_text=&#8221;#ffffff&#8221; shape=&#8221;square&#8221; size=&#8221;sm&#8221; align=&#8221;left&#8221; link=&#8221;url:%23book&#8221;][\/vc_column][\/vc_row][vc_row row_content_width=&#8221;grid&#8221; css=&#8221;.vc_custom_1665552991392{padding-top: 50px !important;padding-bottom: 50px !important;background-color: #a64b2a !important;}&#8221; simple_background_color=&#8221;#a64b2a&#8221;][vc_column][vc_custom_heading text=&#8221;Au cours des sessions sonores, diverses m\u00e9thodes seront utilis\u00e9es pour ancrer et cr\u00e9er un espace pour pr\u00e9parer votre corps et votre esprit \u00e0 recevoir la th\u00e9rapie de gu\u00e9rison par le son.&#8221; font_container=&#8221;tag:h3|font_size:20px|text_align:left|color:%23ffffff|line_height:30px&#8221; use_theme_fonts=&#8221;yes&#8221;][vc_row_inner equal_height=&#8221;yes&#8221; gap=&#8221;30&#8243;][vc_column_inner width=&#8221;1\/2&#8243; css=&#8221;.vc_custom_1667284612799{background-image: url(http:\/\/cerebrumstrm.com\/wp-content\/uploads\/2022\/11\/shutterstock_1491600776.jpeg?id=441) !important;background-position: center !important;background-repeat: no-repeat !important;background-size: cover !important;}&#8221;][\/vc_column_inner][vc_column_inner width=&#8221;1\/2&#8243;][vc_column_text]<span style=\"color: #ffffff;\">Je vous guiderai \u00e0 travers les exercices, que je pourrai modifier en fonction des besoins de chacun. Ce processus est important pour cr\u00e9er un espace int\u00e9rieur et sentiment de s\u00e9curit\u00e9 pour donner acc\u00e8s et pouvoir se lib\u00e9rer en toute confiance.<\/span><\/p>\n<p><span style=\"color: #ffffff;\">J&#8217;utilise divers instruments, certains pour aider l&#8217;esprit \u00e0 voyager et \u00e0 se lib\u00e9rer de sentiments lourds, d&#8217;autres pour ancrer et apporter des sentiments r\u00e9confortants et se sentirs\u00e9curis\u00e9. Les instruments a vibrations profondes ont un but plus m\u00e9dicinal comme la restauration des ondes et fr\u00e9quences c\u00e9r\u00e9brales r\u00e9sultant en une r\u00e9duction et meilleure gestion de la douleur, un sommeil plus profonds et r\u00e9parateur, une r\u00e9duction du stress et une stabilisation des \u00e9motions et des humeurs.<\/span><\/p>\n<p><span style=\"color: #ffffff;\">Certains des instruments utilis\u00e9s pendant les sessions peuvent inclure le tambour chamanique de buffle, le Kalimba, le tambour oc\u00e9anique, les carillons Koshi, les bols de cristaux Alchimiques chantants, le b\u00e2ton de pluie, les coquilles de pluie, les diapasons, les bols tib\u00e9tains et les hochets.<\/span><\/p>\n<p><span style=\"color: #ffffff;\">Je suis \u00e9galement l&#8217;une des rares 100 Harpistes Th\u00e9rapeutiques certifi\u00e9es du monde; l&#8217;une des deux seules au Canada. J&#8217;utilise la harpe th\u00e9rapeutique de Terre\u00a0; cet instrument peut \u00eatre jou\u00e9 directement sur votre corps, pr\u00e8s de l\u2019oreille ou a distance.Cet instrument particulier a une fa\u00e7on unique de se connecter avec les gens gr\u00e2ce \u00e0 son effet vibratoire profond sur le corps et le cerveau, mais a \u00e9galement la capacit\u00e9 d&#8217;amener les gens dans un \u00e9tat m\u00e9ditatif profond et d&#8217;\u00e9tablir une connexion avec la Source. Vous pouvez ressentir une connexion spirituelle tr\u00e8s sp\u00e9ciale et ressentir un \u00e9tat de bonheur et plenitude.<\/span><\/p>\n<p>&nbsp;<\/p>\n<p><span style=\"color: #ffffff;\">Vous etes invites a \u00a0vous habiller confortablement pour votre s\u00e9ance et pouvez apporter un oreiller ou couverture chaude car la temp\u00e9rature de votre corps peut chuter \u00a0l\u00e9g\u00e8rement pendant un \u00e9tat de conscience alt\u00e9r\u00e9.<\/span>[\/vc_column_text][\/vc_column_inner][\/vc_row_inner][\/vc_column][\/vc_row][vc_row row_content_width=&#8221;grid&#8221; css=&#8221;.vc_custom_1665553516861{padding-top: 50px !important;padding-bottom: 50px !important;}&#8221; el_id=&#8221;book&#8221;][vc_column width=&#8221;1\/6&#8243;][\/vc_column][vc_column width=&#8221;2\/3&#8243;][vc_custom_heading text=&#8221;Book Your Appointment&#8221; font_container=&#8221;tag:h3|text_align:center&#8221; use_theme_fonts=&#8221;yes&#8221;]<div class=\"wpforms-container wpforms-container-full\" id=\"wpforms-335\"><form id=\"wpforms-form-335\" class=\"wpforms-validate wpforms-form\" data-formid=\"335\" method=\"post\" enctype=\"multipart\/form-data\" action=\"\/fr\/wp-json\/wp\/v2\/pages\/336#wpforms-335\"><div class=\"wpforms-field-container\"><div id=\"wpforms-335-field_1-container\" class=\"wpforms-field wpforms-field-name\" data-field-id=\"1\"><label class=\"wpforms-field-label\" for=\"wpforms-335-field_1\">Name <span class=\"wpforms-required-label\">*<\/span><\/label><input type=\"text\" id=\"wpforms-335-field_1\" class=\"wpforms-field-large wpforms-field-required\" name=\"wpforms[fields][1]\" required><\/div><div id=\"wpforms-335-field_2-container\" class=\"wpforms-field wpforms-field-select wpforms-one-half wpforms-first\" data-field-id=\"2\"><label class=\"wpforms-field-label\" for=\"wpforms-335-field_2\">Service <span class=\"wpforms-required-label\">*<\/span><\/label><select name=\"wpforms[fields][2]\" id=\"wpforms-335-field_2\" class=\"wpforms-field-large wpforms-field-required\"  required ><option value=\"Select \"  selected='selected'>Select <\/option><option value=\"Intro Session\" >Intro Session<\/option><option value=\"Sound Healing\" >Sound Healing<\/option><option value=\"Consulting\" >Consulting<\/option><option value=\"Rituals\" >Rituals<\/option><\/select><\/div><div id=\"wpforms-335-field_3-container\" class=\"wpforms-field wpforms-field-date-time wpforms-one-half\" data-field-id=\"3\"><label class=\"wpforms-field-label\" for=\"wpforms-335-field_3\">Date  <span class=\"wpforms-required-label\">*<\/span><\/label><input type=\"text\" name=\"wpforms[fields][3][date]\" id=\"wpforms-335-field_3\" class=\"wpforms-field-large wpforms-field-required wpforms-field-date-time-date wpforms-datepicker\" placeholder=\"\" data-date-format=\"m\/d\/Y\"  required><\/div><div id=\"wpforms-335-field_11-container\" class=\"wpforms-field wpforms-field-payment-single\" data-field-id=\"11\"><label class=\"wpforms-field-label\" for=\"wpforms-335-field_11\">Price <span class=\"wpforms-required-label\">*<\/span><\/label><input type=\"text\" name=\"wpforms[fields][11]\" id=\"wpforms-335-field_11\" class=\"wpforms-field-large wpforms-field-required wpforms-payment-price wpforms-payment-user-input\" value=\"\" placeholder=\"\"  required  data-rule-currency='[\"$\",false]'><\/div><\/div><div class=\"wpforms-field wpforms-field-hp\"><label for=\"wpforms-field_hp\" class=\"wpforms-field-label\">Website<\/label><input type=\"text\" name=\"wpforms[hp]\" id=\"wpforms-field_hp\" class=\"wpforms-field-medium\"><\/div><div class=\"wpforms-submit-container\" ><input type=\"hidden\" name=\"wpforms[id]\" value=\"335\"><input type=\"hidden\" name=\"wpforms[author]\" value=\"1\"><button type=\"submit\" name=\"wpforms[submit]\" class=\"wpforms-submit \" id=\"wpforms-submit-335\" value=\"wpforms-submit\" data-alt-text=\"Sending...\">Submit<\/button><\/div><\/form><\/div>[\/vc_column][vc_column width=&#8221;1\/6&#8243;][\/vc_column][\/vc_row]<\/p>\n","protected":false},"excerpt":{"rendered":"<p>[vc_row css=&#8221;.vc_custom_1665553036801{padding-top: 30px !important;}&#8221;][vc_column][vc_custom_heading text=&#8221;Services&#8221; font_container=&#8221;tag:h3|text_align:center&#8221; use_theme_fonts=&#8221;yes&#8221;][\/vc_column][\/vc_row][vc_row gap=&#8221;30&#8243; equal_height=&#8221;yes&#8221; row_content_width=&#8221;grid&#8221; css=&#8221;.vc_custom_1665553006978{padding-top: 50px !important;padding-bottom: 50px !important;}&#8221;][vc_column width=&#8221;1\/3&#8243; css=&#8221;.vc_custom_1665552545172{border-top-width: 3px !important;border-right-width: 3px !important;border-bottom-width: 3px !important;border-left-width: 3px !important;padding-top: 10px !important;padding-right: 20px !important;padding-bottom: 10px !important;padding-left: 20px !important;background-color: #ffebc1 !important;border-left-color: #000000 !important;border-left-style: double !important;border-right-color: #000000 [&hellip;]<\/p>\n","protected":false},"author":1,"featured_media":0,"parent":0,"menu_order":0,"comment_status":"closed","ping_status":"closed","template":"full-width.php","meta":{"footnotes":""},"class_list":["post-336","page","type-page","status-publish","hentry"],"translation":{"provider":"WPGlobus","version":"3.0.0","language":"fr","enabled_languages":["en","fr"],"languages":{"en":{"title":true,"content":true,"excerpt":false},"fr":{"title":true,"content":true,"excerpt":false}}},"_links":{"self":[{"href":"https:\/\/cerebrumstrm.com\/fr\/wp-json\/wp\/v2\/pages\/336","targetHints":{"allow":["GET"]}}],"collection":[{"href":"https:\/\/cerebrumstrm.com\/fr\/wp-json\/wp\/v2\/pages"}],"about":[{"href":"https:\/\/cerebrumstrm.com\/fr\/wp-json\/wp\/v2\/types\/page"}],"author":[{"embeddable":true,"href":"https:\/\/cerebrumstrm.com\/fr\/wp-json\/wp\/v2\/users\/1"}],"replies":[{"embeddable":true,"href":"https:\/\/cerebrumstrm.com\/fr\/wp-json\/wp\/v2\/comments?post=336"}],"version-history":[{"count":20,"href":"https:\/\/cerebrumstrm.com\/fr\/wp-json\/wp\/v2\/pages\/336\/revisions"}],"predecessor-version":[{"id":558,"href":"https:\/\/cerebrumstrm.com\/fr\/wp-json\/wp\/v2\/pages\/336\/revisions\/558"}],"wp:attachment":[{"href":"https:\/\/cerebrumstrm.com\/fr\/wp-json\/wp\/v2\/media?parent=336"}],"curies":[{"name":"wp","href":"https:\/\/api.w.org\/{rel}","templated":true}]}}