{"id":443,"date":"2022-11-01T06:41:57","date_gmt":"2022-11-01T06:41:57","guid":{"rendered":"https:\/\/cerebrumstrm.com\/?page_id=443"},"modified":"2022-11-01T07:06:41","modified_gmt":"2022-11-01T07:06:41","slug":"cancellation-policy","status":"publish","type":"page","link":"https:\/\/cerebrumstrm.com\/fr\/cancellation-policy\/","title":{"rendered":"Refund\/Cancellation policy"},"content":{"rendered":"<p>[vc_row simple_background_color=&#8221;#ffebc1&#8243; css=&#8221;.vc_custom_1667285596441{border-bottom-width: 1px !important;padding-top: 100px !important;padding-right: 150px !important;padding-bottom: 200px !important;padding-left: 150px !important;border-bottom-color: rgba(0,0,0,0.33) !important;border-bottom-style: solid !important;}&#8221;][vc_column][vc_custom_heading text=&#8221;Refund\/Cancellation policy&#8221; font_container=&#8221;tag:h2|font_size:25px|text_align:left|line_height:35px&#8221; use_theme_fonts=&#8221;yes&#8221;][vc_column_text]<\/p>\n<div dir=\"ltr\">\n<p style=\"font-weight: 400;\"><strong><u>Cancellation<\/u><\/strong><\/p>\n<p>Veuillez pr\u00e9voir un pr\u00e9avis minimum de 48 heures pour annuler un rendez-vous. Cela permet \u00e0 quelqu&#8217;un d&#8217;autre de planifier un rendez-vous pendant ce cr\u00e9neau horaire si vous ne pouvez plus le faire. Si ce laps de temps est \u00e9coul\u00e9, vous serez factur\u00e9 pour votre rendez-vous manqu\u00e9.<\/p>\n<p><strong><u>Arriv\u00e9es tardives<\/u><\/strong><\/p>\n<p>Si vous arrivez en retard, votre s\u00e9ance pourra \u00eatre \u00e9court\u00e9e afin d&#8217;accommoder d&#8217;autres personnes dont les rendez-vous suivent le v\u00f4tre. Quelle que soit la dur\u00e9e du traitement r\u00e9ellement prodigu\u00e9, vous serez responsable du paiement int\u00e9gral de la s\u00e9ance. Par respect et consid\u00e9ration pour votre th\u00e9rapeute et les autres clients, veuillez planifier en cons\u00e9quence et \u00eatre \u00e0 l&#8217;heure. Veuillez contacter Cassandra en cas de retard.<\/p>\n<p><strong><u>Non-pr\u00e9sentation\/Annulations de derni\u00e8re minute<\/u><\/strong><\/p>\n<p>Il y a une politique d&#8217;annulation stricte. Tous les clients seront factur\u00e9s en totalit\u00e9 pour les non-pr\u00e9sentations et les annulations de derni\u00e8re minute.<\/p>\n<p style=\"font-weight: 400;\">Il n\u2019y a pas de remboursement sur services re\u00e7us.<\/p>\n<\/div>\n<p>[\/vc_column_text][\/vc_column][\/vc_row]<\/p>\n","protected":false},"excerpt":{"rendered":"<p>[vc_row simple_background_color=&#8221;#ffebc1&#8243; css=&#8221;.vc_custom_1667285596441{border-bottom-width: 1px !important;padding-top: 100px !important;padding-right: 150px !important;padding-bottom: 200px !important;padding-left: 150px !important;border-bottom-color: rgba(0,0,0,0.33) !important;border-bottom-style: solid !important;}&#8221;][vc_column][vc_custom_heading text=&#8221;Refund\/Cancellation policy&#8221; font_container=&#8221;tag:h2|font_size:25px|text_align:left|line_height:35px&#8221; use_theme_fonts=&#8221;yes&#8221;][vc_column_text] Cancellation Veuillez pr\u00e9voir un pr\u00e9avis minimum de 48 heures pour annuler un rendez-vous. Cela permet \u00e0 quelqu&#8217;un d&#8217;autre de [&hellip;]<\/p>\n","protected":false},"author":1,"featured_media":0,"parent":0,"menu_order":0,"comment_status":"closed","ping_status":"closed","template":"full-width.php","meta":{"footnotes":""},"class_list":["post-443","page","type-page","status-publish","hentry"],"translation":{"provider":"WPGlobus","version":"3.0.0","language":"fr","enabled_languages":["en","fr"],"languages":{"en":{"title":true,"content":true,"excerpt":false},"fr":{"title":true,"content":true,"excerpt":false}}},"_links":{"self":[{"href":"https:\/\/cerebrumstrm.com\/fr\/wp-json\/wp\/v2\/pages\/443","targetHints":{"allow":["GET"]}}],"collection":[{"href":"https:\/\/cerebrumstrm.com\/fr\/wp-json\/wp\/v2\/pages"}],"about":[{"href":"https:\/\/cerebrumstrm.com\/fr\/wp-json\/wp\/v2\/types\/page"}],"author":[{"embeddable":true,"href":"https:\/\/cerebrumstrm.com\/fr\/wp-json\/wp\/v2\/users\/1"}],"replies":[{"embeddable":true,"href":"https:\/\/cerebrumstrm.com\/fr\/wp-json\/wp\/v2\/comments?post=443"}],"version-history":[{"count":8,"href":"https:\/\/cerebrumstrm.com\/fr\/wp-json\/wp\/v2\/pages\/443\/revisions"}],"predecessor-version":[{"id":452,"href":"https:\/\/cerebrumstrm.com\/fr\/wp-json\/wp\/v2\/pages\/443\/revisions\/452"}],"wp:attachment":[{"href":"https:\/\/cerebrumstrm.com\/fr\/wp-json\/wp\/v2\/media?parent=443"}],"curies":[{"name":"wp","href":"https:\/\/api.w.org\/{rel}","templated":true}]}}